{"id":2698,"date":"2024-09-08T22:07:14","date_gmt":"2024-09-08T15:07:14","guid":{"rendered":"https:\/\/steinberg.omoeo.com\/?post_type=product&#038;p=2698"},"modified":"2024-12-24T09:45:40","modified_gmt":"2024-12-24T02:45:40","slug":"countertop-washbasin-5","status":"publish","type":"product","link":"https:\/\/steinberg-armaturen.vn\/vi\/collections\/countertop-washbasin-5\/","title":{"rendered":"Countertop wash basin"},"content":{"rendered":"<p>&nbsp;<\/p>\n<ul>\n<li>Ch\u1ea5t li\u1ec7u: Polyresin<\/li>\n<\/ul>\n","protected":false},"excerpt":{"rendered":"<div class=\"psection s\u1ea3n ph\u1ea9m_text\">\n<div class=\"psection s\u1ea3n ph\u1ea9m_text\">\n<p>B\u1ed3n r\u1eeda tay \u0111\u1eb7t b\u00e0n kh\u00f4ng c\u00f3 khe x\u1ea3 tr\u00e0n,\u00a0 lch\u1ea5t li\u1ec7u: polyresin, 600 x 400 x 120 mm<\/p>\n<\/div>\n<\/div>\n","protected":false},"featured_media":2897,"template":"","meta":{"_acf_changed":false},"product_brand":[86],"product_collection":[],"product-functions":[],"product_series":[104],"product_cat":[155,47],"product_tag":[],"class_list":{"0":"post-2698","1":"product","2":"type-product","3":"status-publish","4":"has-post-thumbnail","6":"product_brand-steinberg","7":"product_series-series-489","8":"product_cat-bathroom","9":"product_cat-washbasin","10":"pa_surface-variants-amber","11":"pa_surface-variants-apricot","12":"pa_surface-variants-forest","13":"pa_surface-variants-graphite","14":"pa_surface-variants-maroon","15":"pa_surface-variants-ruby","17":"first","18":"instock","19":"taxable","20":"shipping-taxable","21":"purchasable","22":"product-type-variable","23":"has-default-attributes","24":"rtwpvs-product"},"acf":[],"yoast_head":"<!-- This site is optimized with the Yoast SEO plugin v24.1 - https:\/\/yoast.com\/wordpress\/plugins\/seo\/ -->\n<title>Countertop wash basin - Steinberg Armaturen<\/title>\n<meta name=\"robots\" content=\"index, follow, max-snippet:-1, max-image-preview:large, max-video-preview:-1\" \/>\n<link rel=\"canonical\" href=\"https:\/\/steinberg-armaturen.vn\/vi\/collections\/countertop-washbasin-5\/\" \/>\n<meta property=\"og:locale\" content=\"vi_VN\" \/>\n<meta property=\"og:type\" content=\"article\" \/>\n<meta property=\"og:title\" content=\"Countertop wash basin - Steinberg Armaturen\" \/>\n<meta property=\"og:description\" content=\"B\u1ed3n r\u1eeda tay \u0111\u1eb7t b\u00e0n kh\u00f4ng c\u00f3 khe x\u1ea3 tr\u00e0n,\u00a0 lch\u1ea5t li\u1ec7u: polyresin, 600 x 400 x 120 mm\" \/>\n<meta property=\"og:url\" content=\"https:\/\/steinberg-armaturen.vn\/vi\/collections\/countertop-washbasin-5\/\" \/>\n<meta property=\"og:site_name\" content=\"Steinberg Armaturen\" \/>\n<meta property=\"article:modified_time\" content=\"2024-12-24T02:45:40+00:00\" \/>\n<meta property=\"og:image\" content=\"https:\/\/steinberg-armaturen.vn\/wp-content\/uploads\/sites\/34\/2024\/09\/489_7010_30_2311_pm1_q_web.jpg\" \/>\n\t<meta property=\"og:image:width\" content=\"1500\" \/>\n\t<meta property=\"og:image:height\" content=\"1500\" \/>\n\t<meta property=\"og:image:type\" content=\"image\/jpeg\" \/>\n<meta name=\"twitter:card\" content=\"summary_large_image\" \/>\n<meta name=\"twitter:label1\" content=\"Est. reading time\" \/>\n\t<meta name=\"twitter:data1\" content=\"1 ph\u00fat\" \/>\n<script type=\"application\/ld+json\" class=\"yoast-schema-graph\">{\"@context\":\"https:\/\/schema.org\",\"@graph\":[{\"@type\":\"WebPage\",\"@id\":\"https:\/\/steinberg-armaturen.vn\/vi\/collections\/countertop-washbasin-5\/\",\"url\":\"https:\/\/steinberg-armaturen.vn\/vi\/collections\/countertop-washbasin-5\/\",\"name\":\"Countertop wash basin - Steinberg Armaturen\",\"isPartOf\":{\"@id\":\"https:\/\/steinberg-armaturen.vn\/vi\/#website\"},\"primaryImageOfPage\":{\"@id\":\"https:\/\/steinberg-armaturen.vn\/vi\/collections\/countertop-washbasin-5\/#primaryimage\"},\"image\":{\"@id\":\"https:\/\/steinberg-armaturen.vn\/vi\/collections\/countertop-washbasin-5\/#primaryimage\"},\"thumbnailUrl\":\"https:\/\/steinberg-armaturen.vn\/wp-content\/uploads\/sites\/34\/2024\/09\/489_7010_30_2311_pm1_q_web.jpg\",\"datePublished\":\"2024-09-08T15:07:14+00:00\",\"dateModified\":\"2024-12-24T02:45:40+00:00\",\"breadcrumb\":{\"@id\":\"https:\/\/steinberg-armaturen.vn\/vi\/collections\/countertop-washbasin-5\/#breadcrumb\"},\"inLanguage\":\"vi\",\"potentialAction\":[{\"@type\":\"ReadAction\",\"target\":[\"https:\/\/steinberg-armaturen.vn\/vi\/collections\/countertop-washbasin-5\/\"]}]},{\"@type\":\"ImageObject\",\"inLanguage\":\"vi\",\"@id\":\"https:\/\/steinberg-armaturen.vn\/vi\/collections\/countertop-washbasin-5\/#primaryimage\",\"url\":\"https:\/\/steinberg-armaturen.vn\/wp-content\/uploads\/sites\/34\/2024\/09\/489_7010_30_2311_pm1_q_web.jpg\",\"contentUrl\":\"https:\/\/steinberg-armaturen.vn\/wp-content\/uploads\/sites\/34\/2024\/09\/489_7010_30_2311_pm1_q_web.jpg\",\"width\":1500,\"height\":1500},{\"@type\":\"BreadcrumbList\",\"@id\":\"https:\/\/steinberg-armaturen.vn\/vi\/collections\/countertop-washbasin-5\/#breadcrumb\",\"itemListElement\":[{\"@type\":\"ListItem\",\"position\":1,\"name\":\"Home\",\"item\":\"https:\/\/steinberg-armaturen.vn\/\"},{\"@type\":\"ListItem\",\"position\":2,\"name\":\"Collections\",\"item\":\"https:\/\/steinberg-armaturen.vn\/vi\/collections\/\"},{\"@type\":\"ListItem\",\"position\":3,\"name\":\"Countertop wash basin\"}]},{\"@type\":\"WebSite\",\"@id\":\"https:\/\/steinberg-armaturen.vn\/vi\/#website\",\"url\":\"https:\/\/steinberg-armaturen.vn\/vi\/\",\"name\":\"Steinberg Armaturen\",\"description\":\"\",\"publisher\":{\"@id\":\"https:\/\/steinberg-armaturen.vn\/vi\/#organization\"},\"potentialAction\":[{\"@type\":\"SearchAction\",\"target\":{\"@type\":\"EntryPoint\",\"urlTemplate\":\"https:\/\/steinberg-armaturen.vn\/vi\/?s={search_term_string}\"},\"query-input\":{\"@type\":\"PropertyValueSpecification\",\"valueRequired\":true,\"valueName\":\"search_term_string\"}}],\"inLanguage\":\"vi\"},{\"@type\":\"Organization\",\"@id\":\"https:\/\/steinberg-armaturen.vn\/vi\/#organization\",\"name\":\"Steinberg Armaturen\",\"url\":\"https:\/\/steinberg-armaturen.vn\/vi\/\",\"logo\":{\"@type\":\"ImageObject\",\"inLanguage\":\"vi\",\"@id\":\"https:\/\/steinberg-armaturen.vn\/vi\/#\/schema\/logo\/image\/\",\"url\":\"https:\/\/steinberg-armaturen.vn\/wp-content\/uploads\/sites\/34\/2024\/09\/STEINBERGVIETNAM-e1727113052572.png\",\"contentUrl\":\"https:\/\/steinberg-armaturen.vn\/wp-content\/uploads\/sites\/34\/2024\/09\/STEINBERGVIETNAM-e1727113052572.png\",\"width\":3297,\"height\":1075,\"caption\":\"Steinberg Armaturen\"},\"image\":{\"@id\":\"https:\/\/steinberg-armaturen.vn\/vi\/#\/schema\/logo\/image\/\"}}]}<\/script>\n<!-- \/ Yoast SEO plugin. -->","yoast_head_json":{"title":"Countertop wash basin - Steinberg Armaturen","robots":{"index":"index","follow":"follow","max-snippet":"max-snippet:-1","max-image-preview":"max-image-preview:large","max-video-preview":"max-video-preview:-1"},"canonical":"https:\/\/steinberg-armaturen.vn\/vi\/collections\/countertop-washbasin-5\/","og_locale":"vi_VN","og_type":"article","og_title":"Countertop wash basin - Steinberg Armaturen","og_description":"B\u1ed3n r\u1eeda tay \u0111\u1eb7t b\u00e0n kh\u00f4ng c\u00f3 khe x\u1ea3 tr\u00e0n,\u00a0 lch\u1ea5t li\u1ec7u: polyresin, 600 x 400 x 120 mm","og_url":"https:\/\/steinberg-armaturen.vn\/vi\/collections\/countertop-washbasin-5\/","og_site_name":"Steinberg Armaturen","article_modified_time":"2024-12-24T02:45:40+00:00","og_image":[{"width":1500,"height":1500,"url":"https:\/\/steinberg-armaturen.vn\/wp-content\/uploads\/sites\/34\/2024\/09\/489_7010_30_2311_pm1_q_web.jpg","type":"image\/jpeg"}],"twitter_card":"summary_large_image","twitter_misc":{"Est. reading time":"1 ph\u00fat"},"schema":{"@context":"https:\/\/schema.org","@graph":[{"@type":"WebPage","@id":"https:\/\/steinberg-armaturen.vn\/vi\/collections\/countertop-washbasin-5\/","url":"https:\/\/steinberg-armaturen.vn\/vi\/collections\/countertop-washbasin-5\/","name":"Countertop wash basin - Steinberg Armaturen","isPartOf":{"@id":"https:\/\/steinberg-armaturen.vn\/vi\/#website"},"primaryImageOfPage":{"@id":"https:\/\/steinberg-armaturen.vn\/vi\/collections\/countertop-washbasin-5\/#primaryimage"},"image":{"@id":"https:\/\/steinberg-armaturen.vn\/vi\/collections\/countertop-washbasin-5\/#primaryimage"},"thumbnailUrl":"https:\/\/steinberg-armaturen.vn\/wp-content\/uploads\/sites\/34\/2024\/09\/489_7010_30_2311_pm1_q_web.jpg","datePublished":"2024-09-08T15:07:14+00:00","dateModified":"2024-12-24T02:45:40+00:00","breadcrumb":{"@id":"https:\/\/steinberg-armaturen.vn\/vi\/collections\/countertop-washbasin-5\/#breadcrumb"},"inLanguage":"vi","potentialAction":[{"@type":"ReadAction","target":["https:\/\/steinberg-armaturen.vn\/vi\/collections\/countertop-washbasin-5\/"]}]},{"@type":"ImageObject","inLanguage":"vi","@id":"https:\/\/steinberg-armaturen.vn\/vi\/collections\/countertop-washbasin-5\/#primaryimage","url":"https:\/\/steinberg-armaturen.vn\/wp-content\/uploads\/sites\/34\/2024\/09\/489_7010_30_2311_pm1_q_web.jpg","contentUrl":"https:\/\/steinberg-armaturen.vn\/wp-content\/uploads\/sites\/34\/2024\/09\/489_7010_30_2311_pm1_q_web.jpg","width":1500,"height":1500},{"@type":"BreadcrumbList","@id":"https:\/\/steinberg-armaturen.vn\/vi\/collections\/countertop-washbasin-5\/#breadcrumb","itemListElement":[{"@type":"ListItem","position":1,"name":"Home","item":"https:\/\/steinberg-armaturen.vn\/"},{"@type":"ListItem","position":2,"name":"Collections","item":"https:\/\/steinberg-armaturen.vn\/vi\/collections\/"},{"@type":"ListItem","position":3,"name":"Countertop wash basin"}]},{"@type":"WebSite","@id":"https:\/\/steinberg-armaturen.vn\/vi\/#website","url":"https:\/\/steinberg-armaturen.vn\/vi\/","name":"Steinberg Armaturen","description":"","publisher":{"@id":"https:\/\/steinberg-armaturen.vn\/vi\/#organization"},"potentialAction":[{"@type":"SearchAction","target":{"@type":"EntryPoint","urlTemplate":"https:\/\/steinberg-armaturen.vn\/vi\/?s={search_term_string}"},"query-input":{"@type":"PropertyValueSpecification","valueRequired":true,"valueName":"search_term_string"}}],"inLanguage":"vi"},{"@type":"Organization","@id":"https:\/\/steinberg-armaturen.vn\/vi\/#organization","name":"Steinberg Armaturen","url":"https:\/\/steinberg-armaturen.vn\/vi\/","logo":{"@type":"ImageObject","inLanguage":"vi","@id":"https:\/\/steinberg-armaturen.vn\/vi\/#\/schema\/logo\/image\/","url":"https:\/\/steinberg-armaturen.vn\/wp-content\/uploads\/sites\/34\/2024\/09\/STEINBERGVIETNAM-e1727113052572.png","contentUrl":"https:\/\/steinberg-armaturen.vn\/wp-content\/uploads\/sites\/34\/2024\/09\/STEINBERGVIETNAM-e1727113052572.png","width":3297,"height":1075,"caption":"Steinberg Armaturen"},"image":{"@id":"https:\/\/steinberg-armaturen.vn\/vi\/#\/schema\/logo\/image\/"}}]}},"_links":{"self":[{"href":"https:\/\/steinberg-armaturen.vn\/vi\/wp-json\/wp\/v2\/product\/2698","targetHints":{"allow":["GET"]}}],"collection":[{"href":"https:\/\/steinberg-armaturen.vn\/vi\/wp-json\/wp\/v2\/product"}],"about":[{"href":"https:\/\/steinberg-armaturen.vn\/vi\/wp-json\/wp\/v2\/types\/product"}],"wp:featuredmedia":[{"embeddable":true,"href":"https:\/\/steinberg-armaturen.vn\/vi\/wp-json\/wp\/v2\/media\/2897"}],"wp:attachment":[{"href":"https:\/\/steinberg-armaturen.vn\/vi\/wp-json\/wp\/v2\/media?parent=2698"}],"wp:term":[{"taxonomy":"product_brand","embeddable":true,"href":"https:\/\/steinberg-armaturen.vn\/vi\/wp-json\/wp\/v2\/product_brand?post=2698"},{"taxonomy":"product_collection","embeddable":true,"href":"https:\/\/steinberg-armaturen.vn\/vi\/wp-json\/wp\/v2\/product_collection?post=2698"},{"taxonomy":"product-functions","embeddable":true,"href":"https:\/\/steinberg-armaturen.vn\/vi\/wp-json\/wp\/v2\/product-functions?post=2698"},{"taxonomy":"product_series","embeddable":true,"href":"https:\/\/steinberg-armaturen.vn\/vi\/wp-json\/wp\/v2\/product_series?post=2698"},{"taxonomy":"product_cat","embeddable":true,"href":"https:\/\/steinberg-armaturen.vn\/vi\/wp-json\/wp\/v2\/product_cat?post=2698"},{"taxonomy":"product_tag","embeddable":true,"href":"https:\/\/steinberg-armaturen.vn\/vi\/wp-json\/wp\/v2\/product_tag?post=2698"}],"curies":[{"name":"wp","href":"https:\/\/api.w.org\/{rel}","templated":true}]}}