{"id":2069,"date":"2024-09-08T00:48:12","date_gmt":"2024-09-07T17:48:12","guid":{"rendered":"https:\/\/steinberg.omoeo.com\/?post_type=product&#038;p=2069"},"modified":"2024-12-24T09:45:00","modified_gmt":"2024-12-24T02:45:00","slug":"sensual-rain-shower-panel-7","status":"publish","type":"product","link":"https:\/\/steinberg-armaturen.vn\/vi\/collections\/sensual-rain-shower-panel-7\/","title":{"rendered":"sensual rain shower panel"},"content":{"rendered":"<ul>\n<li>Weight: 22.75 kg<\/li>\n<li class=\"visually-hidden\">Color: polished stainless steel<\/li>\n<li>Art: Regenpaneele<\/li>\n<li>Type: Rain panel<\/li>\n<li>Beleuchtung: Ohne LED-Beleuchtung<\/li>\n<li>Width: 600.00<\/li>\n<li>Design: Square design<\/li>\n<li>Gr\u00f6\u00dfe: Bis \u00d8 600 mm \/ bis 600 x 600 mm<\/li>\n<li>Highlights: Sensual Rain<\/li>\n<li>L\u00e4nge \/ Tiefe: 600.00<\/li>\n<li>Material: stainless steel<\/li>\n<li>Mounting Variant: Ceiling mounting<\/li>\n<li>Reinigungssystem: Mit Easy-Clean-System<\/li>\n<li>Cascade\/Waterfall Spouts and Lateral Shower Heads: Mit Schwallfunktion<\/li>\n<li>Strahlarten Kopfbrausen: Classic Rain, Waterfall, Curtain Rain<\/li>\n<\/ul>\n","protected":false},"excerpt":{"rendered":"<div class=\"psection product_text\">\n<div class=\"psection product_text\">\n<div class=\"psection product_text\">\n<div class=\"psection product_text\">\n<div class=\"psection product_text\">\n<p>ceiling mounted, with mounting frame, with Easy Clean, \u00a0600 mm x 600 mm, 3 functions, polished stainless steel<\/p>\n<\/div>\n<\/div>\n<\/div>\n<\/div>\n<\/div>\n","protected":false},"featured_media":4083,"template":"","meta":{"_acf_changed":false},"product_brand":[86],"product_collection":[],"product-functions":[],"product_series":[84],"product_cat":[45],"product_tag":[],"class_list":{"0":"post-2069","1":"product","2":"type-product","3":"status-publish","4":"has-post-thumbnail","6":"product_brand-steinberg","7":"product_series-series-390","8":"product_cat-showerhead","9":"pa_surface-variants-black","10":"pa_surface-variants-polished-stainless-steel","12":"first","13":"instock","14":"taxable","15":"shipping-taxable","16":"purchasable","17":"product-type-variable","18":"has-default-attributes","19":"rtwpvs-product"},"acf":[],"yoast_head":"<!-- This site is optimized with the Yoast SEO plugin v24.1 - https:\/\/yoast.com\/wordpress\/plugins\/seo\/ -->\n<title>sensual rain shower panel - Steinberg Armaturen<\/title>\n<meta name=\"robots\" content=\"index, follow, max-snippet:-1, max-image-preview:large, max-video-preview:-1\" \/>\n<link rel=\"canonical\" href=\"https:\/\/steinberg-armaturen.vn\/vi\/collections\/sensual-rain-shower-panel-7\/\" \/>\n<meta property=\"og:locale\" content=\"vi_VN\" \/>\n<meta property=\"og:type\" content=\"article\" \/>\n<meta property=\"og:title\" content=\"sensual rain shower panel - Steinberg Armaturen\" \/>\n<meta property=\"og:description\" content=\"ceiling mounted, with mounting frame, with Easy Clean, \u00a0600 mm x 600 mm, 3 functions, polished stainless steel\" \/>\n<meta property=\"og:url\" content=\"https:\/\/steinberg-armaturen.vn\/vi\/collections\/sensual-rain-shower-panel-7\/\" \/>\n<meta property=\"og:site_name\" content=\"Steinberg Armaturen\" \/>\n<meta property=\"article:modified_time\" content=\"2024-12-24T02:45:00+00:00\" \/>\n<meta property=\"og:image\" content=\"https:\/\/steinberg-armaturen.vn\/wp-content\/uploads\/sites\/34\/2024\/09\/390_6610_web.jpg\" \/>\n\t<meta property=\"og:image:width\" content=\"800\" \/>\n\t<meta property=\"og:image:height\" content=\"800\" \/>\n\t<meta property=\"og:image:type\" content=\"image\/jpeg\" \/>\n<meta name=\"twitter:card\" content=\"summary_large_image\" \/>\n<meta name=\"twitter:label1\" content=\"Est. reading time\" \/>\n\t<meta name=\"twitter:data1\" content=\"1 ph\u00fat\" \/>\n<script type=\"application\/ld+json\" class=\"yoast-schema-graph\">{\"@context\":\"https:\/\/schema.org\",\"@graph\":[{\"@type\":\"WebPage\",\"@id\":\"https:\/\/steinberg-armaturen.vn\/vi\/collections\/sensual-rain-shower-panel-7\/\",\"url\":\"https:\/\/steinberg-armaturen.vn\/vi\/collections\/sensual-rain-shower-panel-7\/\",\"name\":\"sensual rain shower panel - Steinberg Armaturen\",\"isPartOf\":{\"@id\":\"https:\/\/steinberg-armaturen.vn\/vi\/#website\"},\"primaryImageOfPage\":{\"@id\":\"https:\/\/steinberg-armaturen.vn\/vi\/collections\/sensual-rain-shower-panel-7\/#primaryimage\"},\"image\":{\"@id\":\"https:\/\/steinberg-armaturen.vn\/vi\/collections\/sensual-rain-shower-panel-7\/#primaryimage\"},\"thumbnailUrl\":\"https:\/\/steinberg-armaturen.vn\/wp-content\/uploads\/sites\/34\/2024\/09\/390_6610_web.jpg\",\"datePublished\":\"2024-09-07T17:48:12+00:00\",\"dateModified\":\"2024-12-24T02:45:00+00:00\",\"breadcrumb\":{\"@id\":\"https:\/\/steinberg-armaturen.vn\/vi\/collections\/sensual-rain-shower-panel-7\/#breadcrumb\"},\"inLanguage\":\"vi\",\"potentialAction\":[{\"@type\":\"ReadAction\",\"target\":[\"https:\/\/steinberg-armaturen.vn\/vi\/collections\/sensual-rain-shower-panel-7\/\"]}]},{\"@type\":\"ImageObject\",\"inLanguage\":\"vi\",\"@id\":\"https:\/\/steinberg-armaturen.vn\/vi\/collections\/sensual-rain-shower-panel-7\/#primaryimage\",\"url\":\"https:\/\/steinberg-armaturen.vn\/wp-content\/uploads\/sites\/34\/2024\/09\/390_6610_web.jpg\",\"contentUrl\":\"https:\/\/steinberg-armaturen.vn\/wp-content\/uploads\/sites\/34\/2024\/09\/390_6610_web.jpg\",\"width\":800,\"height\":800},{\"@type\":\"BreadcrumbList\",\"@id\":\"https:\/\/steinberg-armaturen.vn\/vi\/collections\/sensual-rain-shower-panel-7\/#breadcrumb\",\"itemListElement\":[{\"@type\":\"ListItem\",\"position\":1,\"name\":\"Home\",\"item\":\"https:\/\/steinberg-armaturen.vn\/\"},{\"@type\":\"ListItem\",\"position\":2,\"name\":\"Collections\",\"item\":\"https:\/\/steinberg-armaturen.vn\/vi\/collections\/\"},{\"@type\":\"ListItem\",\"position\":3,\"name\":\"sensual rain shower panel\"}]},{\"@type\":\"WebSite\",\"@id\":\"https:\/\/steinberg-armaturen.vn\/vi\/#website\",\"url\":\"https:\/\/steinberg-armaturen.vn\/vi\/\",\"name\":\"Steinberg Armaturen\",\"description\":\"\",\"publisher\":{\"@id\":\"https:\/\/steinberg-armaturen.vn\/vi\/#organization\"},\"potentialAction\":[{\"@type\":\"SearchAction\",\"target\":{\"@type\":\"EntryPoint\",\"urlTemplate\":\"https:\/\/steinberg-armaturen.vn\/vi\/?s={search_term_string}\"},\"query-input\":{\"@type\":\"PropertyValueSpecification\",\"valueRequired\":true,\"valueName\":\"search_term_string\"}}],\"inLanguage\":\"vi\"},{\"@type\":\"Organization\",\"@id\":\"https:\/\/steinberg-armaturen.vn\/vi\/#organization\",\"name\":\"Steinberg Armaturen\",\"url\":\"https:\/\/steinberg-armaturen.vn\/vi\/\",\"logo\":{\"@type\":\"ImageObject\",\"inLanguage\":\"vi\",\"@id\":\"https:\/\/steinberg-armaturen.vn\/vi\/#\/schema\/logo\/image\/\",\"url\":\"https:\/\/steinberg-armaturen.vn\/wp-content\/uploads\/sites\/34\/2024\/09\/STEINBERGVIETNAM-e1727113052572.png\",\"contentUrl\":\"https:\/\/steinberg-armaturen.vn\/wp-content\/uploads\/sites\/34\/2024\/09\/STEINBERGVIETNAM-e1727113052572.png\",\"width\":3297,\"height\":1075,\"caption\":\"Steinberg Armaturen\"},\"image\":{\"@id\":\"https:\/\/steinberg-armaturen.vn\/vi\/#\/schema\/logo\/image\/\"}}]}<\/script>\n<!-- \/ Yoast SEO plugin. -->","yoast_head_json":{"title":"sensual rain shower panel - Steinberg Armaturen","robots":{"index":"index","follow":"follow","max-snippet":"max-snippet:-1","max-image-preview":"max-image-preview:large","max-video-preview":"max-video-preview:-1"},"canonical":"https:\/\/steinberg-armaturen.vn\/vi\/collections\/sensual-rain-shower-panel-7\/","og_locale":"vi_VN","og_type":"article","og_title":"sensual rain shower panel - Steinberg Armaturen","og_description":"ceiling mounted, with mounting frame, with Easy Clean, \u00a0600 mm x 600 mm, 3 functions, polished stainless steel","og_url":"https:\/\/steinberg-armaturen.vn\/vi\/collections\/sensual-rain-shower-panel-7\/","og_site_name":"Steinberg Armaturen","article_modified_time":"2024-12-24T02:45:00+00:00","og_image":[{"width":800,"height":800,"url":"https:\/\/steinberg-armaturen.vn\/wp-content\/uploads\/sites\/34\/2024\/09\/390_6610_web.jpg","type":"image\/jpeg"}],"twitter_card":"summary_large_image","twitter_misc":{"Est. reading time":"1 ph\u00fat"},"schema":{"@context":"https:\/\/schema.org","@graph":[{"@type":"WebPage","@id":"https:\/\/steinberg-armaturen.vn\/vi\/collections\/sensual-rain-shower-panel-7\/","url":"https:\/\/steinberg-armaturen.vn\/vi\/collections\/sensual-rain-shower-panel-7\/","name":"sensual rain shower panel - Steinberg Armaturen","isPartOf":{"@id":"https:\/\/steinberg-armaturen.vn\/vi\/#website"},"primaryImageOfPage":{"@id":"https:\/\/steinberg-armaturen.vn\/vi\/collections\/sensual-rain-shower-panel-7\/#primaryimage"},"image":{"@id":"https:\/\/steinberg-armaturen.vn\/vi\/collections\/sensual-rain-shower-panel-7\/#primaryimage"},"thumbnailUrl":"https:\/\/steinberg-armaturen.vn\/wp-content\/uploads\/sites\/34\/2024\/09\/390_6610_web.jpg","datePublished":"2024-09-07T17:48:12+00:00","dateModified":"2024-12-24T02:45:00+00:00","breadcrumb":{"@id":"https:\/\/steinberg-armaturen.vn\/vi\/collections\/sensual-rain-shower-panel-7\/#breadcrumb"},"inLanguage":"vi","potentialAction":[{"@type":"ReadAction","target":["https:\/\/steinberg-armaturen.vn\/vi\/collections\/sensual-rain-shower-panel-7\/"]}]},{"@type":"ImageObject","inLanguage":"vi","@id":"https:\/\/steinberg-armaturen.vn\/vi\/collections\/sensual-rain-shower-panel-7\/#primaryimage","url":"https:\/\/steinberg-armaturen.vn\/wp-content\/uploads\/sites\/34\/2024\/09\/390_6610_web.jpg","contentUrl":"https:\/\/steinberg-armaturen.vn\/wp-content\/uploads\/sites\/34\/2024\/09\/390_6610_web.jpg","width":800,"height":800},{"@type":"BreadcrumbList","@id":"https:\/\/steinberg-armaturen.vn\/vi\/collections\/sensual-rain-shower-panel-7\/#breadcrumb","itemListElement":[{"@type":"ListItem","position":1,"name":"Home","item":"https:\/\/steinberg-armaturen.vn\/"},{"@type":"ListItem","position":2,"name":"Collections","item":"https:\/\/steinberg-armaturen.vn\/vi\/collections\/"},{"@type":"ListItem","position":3,"name":"sensual rain shower panel"}]},{"@type":"WebSite","@id":"https:\/\/steinberg-armaturen.vn\/vi\/#website","url":"https:\/\/steinberg-armaturen.vn\/vi\/","name":"Steinberg Armaturen","description":"","publisher":{"@id":"https:\/\/steinberg-armaturen.vn\/vi\/#organization"},"potentialAction":[{"@type":"SearchAction","target":{"@type":"EntryPoint","urlTemplate":"https:\/\/steinberg-armaturen.vn\/vi\/?s={search_term_string}"},"query-input":{"@type":"PropertyValueSpecification","valueRequired":true,"valueName":"search_term_string"}}],"inLanguage":"vi"},{"@type":"Organization","@id":"https:\/\/steinberg-armaturen.vn\/vi\/#organization","name":"Steinberg Armaturen","url":"https:\/\/steinberg-armaturen.vn\/vi\/","logo":{"@type":"ImageObject","inLanguage":"vi","@id":"https:\/\/steinberg-armaturen.vn\/vi\/#\/schema\/logo\/image\/","url":"https:\/\/steinberg-armaturen.vn\/wp-content\/uploads\/sites\/34\/2024\/09\/STEINBERGVIETNAM-e1727113052572.png","contentUrl":"https:\/\/steinberg-armaturen.vn\/wp-content\/uploads\/sites\/34\/2024\/09\/STEINBERGVIETNAM-e1727113052572.png","width":3297,"height":1075,"caption":"Steinberg Armaturen"},"image":{"@id":"https:\/\/steinberg-armaturen.vn\/vi\/#\/schema\/logo\/image\/"}}]}},"_links":{"self":[{"href":"https:\/\/steinberg-armaturen.vn\/vi\/wp-json\/wp\/v2\/product\/2069","targetHints":{"allow":["GET"]}}],"collection":[{"href":"https:\/\/steinberg-armaturen.vn\/vi\/wp-json\/wp\/v2\/product"}],"about":[{"href":"https:\/\/steinberg-armaturen.vn\/vi\/wp-json\/wp\/v2\/types\/product"}],"wp:featuredmedia":[{"embeddable":true,"href":"https:\/\/steinberg-armaturen.vn\/vi\/wp-json\/wp\/v2\/media\/4083"}],"wp:attachment":[{"href":"https:\/\/steinberg-armaturen.vn\/vi\/wp-json\/wp\/v2\/media?parent=2069"}],"wp:term":[{"taxonomy":"product_brand","embeddable":true,"href":"https:\/\/steinberg-armaturen.vn\/vi\/wp-json\/wp\/v2\/product_brand?post=2069"},{"taxonomy":"product_collection","embeddable":true,"href":"https:\/\/steinberg-armaturen.vn\/vi\/wp-json\/wp\/v2\/product_collection?post=2069"},{"taxonomy":"product-functions","embeddable":true,"href":"https:\/\/steinberg-armaturen.vn\/vi\/wp-json\/wp\/v2\/product-functions?post=2069"},{"taxonomy":"product_series","embeddable":true,"href":"https:\/\/steinberg-armaturen.vn\/vi\/wp-json\/wp\/v2\/product_series?post=2069"},{"taxonomy":"product_cat","embeddable":true,"href":"https:\/\/steinberg-armaturen.vn\/vi\/wp-json\/wp\/v2\/product_cat?post=2069"},{"taxonomy":"product_tag","embeddable":true,"href":"https:\/\/steinberg-armaturen.vn\/vi\/wp-json\/wp\/v2\/product_tag?post=2069"}],"curies":[{"name":"wp","href":"https:\/\/api.w.org\/{rel}","templated":true}]}}