{"id":1992,"date":"2024-09-08T00:15:22","date_gmt":"2024-09-07T17:15:22","guid":{"rendered":"https:\/\/steinberg.omoeo.com\/?post_type=product&#038;p=1992"},"modified":"2024-12-24T09:44:58","modified_gmt":"2024-12-24T02:44:58","slug":"shower-set-2","status":"publish","type":"product","link":"https:\/\/steinberg-armaturen.vn\/vi\/collections\/shower-set-2\/","title":{"rendered":"shower set"},"content":{"rendered":"<ul>\n<li>Weight: 7.05 kg<\/li>\n<li class=\"visually-hidden\">Color: chrome<\/li>\n<li>Fitting type: Thermostat fitting<\/li>\n<li>Art: Brausegarnitur mit Wandstange<\/li>\n<li>Convenience Features: Classic manual<\/li>\n<li>Design: Square design<\/li>\n<li>Gr\u00f6\u00dfe: Bis \u00d8 300 mm \/ bis 300 x 300 mm<\/li>\n<li>Material: Brass<\/li>\n<li>Volume Control: Without quantity regulation<\/li>\n<li>Mit Brauseschlauch: Kunststoff, 1.800mm<\/li>\n<li>Mit Handbrause \/ Kopfbrause \/ Auslauf: Mit Handbrause, Mit Kopfbrause<\/li>\n<li>Mounting Variant: Surface mounting<\/li>\n<li>Reinigungssystem: Mit Easy-Clean-System<\/li>\n<li>Strahlarten Handbrause: Classic<\/li>\n<li>Strahlarten Kopfbrausen: Classic Rain<\/li>\n<li>Umstellungskomfort: With twist handle<\/li>\n<li>Diverter Variants: With 2 outputs<\/li>\n<\/ul>\n","protected":false},"excerpt":{"rendered":"<div class=\"psection product_text\">\n<p>complete with thermostatic shower mixer, with rain shower (with Easy Clean)and handshower, with glass shelf, with sliding bracket for handshower, with height adjustable shower arm(during installation)<\/p>\n<\/div>\n","protected":false},"featured_media":3968,"template":"","meta":{"_acf_changed":false},"product_brand":[86],"product_collection":[],"product-functions":[],"product_series":[84],"product_cat":[15],"product_tag":[],"class_list":{"0":"post-1992","1":"product","2":"type-product","3":"status-publish","4":"has-post-thumbnail","6":"product_brand-steinberg","7":"product_series-series-390","8":"product_cat-default","9":"pa_surface-variants-black","10":"pa_surface-variants-chrome","12":"first","13":"instock","14":"taxable","15":"shipping-taxable","16":"purchasable","17":"product-type-variable","18":"has-default-attributes","19":"rtwpvs-product"},"acf":[],"yoast_head":"<!-- This site is optimized with the Yoast SEO plugin v24.1 - https:\/\/yoast.com\/wordpress\/plugins\/seo\/ -->\n<title>shower set - Steinberg Armaturen<\/title>\n<meta name=\"robots\" content=\"index, follow, max-snippet:-1, max-image-preview:large, max-video-preview:-1\" \/>\n<link rel=\"canonical\" href=\"https:\/\/steinberg-armaturen.vn\/vi\/collections\/shower-set-2\/\" \/>\n<meta property=\"og:locale\" content=\"vi_VN\" \/>\n<meta property=\"og:type\" content=\"article\" \/>\n<meta property=\"og:title\" content=\"shower set - Steinberg Armaturen\" \/>\n<meta property=\"og:description\" content=\"complete with thermostatic shower mixer, with rain shower (with Easy Clean)and handshower, with glass shelf, with sliding bracket for handshower, with height adjustable shower arm(during installation)\" \/>\n<meta property=\"og:url\" content=\"https:\/\/steinberg-armaturen.vn\/vi\/collections\/shower-set-2\/\" \/>\n<meta property=\"og:site_name\" content=\"Steinberg Armaturen\" \/>\n<meta property=\"article:modified_time\" content=\"2024-12-24T02:44:58+00:00\" \/>\n<meta property=\"og:image\" content=\"https:\/\/steinberg-armaturen.vn\/wp-content\/uploads\/sites\/34\/2024\/09\/390_2700_2305_pm1_q_web.jpg\" \/>\n\t<meta property=\"og:image:width\" content=\"840\" \/>\n\t<meta property=\"og:image:height\" content=\"840\" \/>\n\t<meta property=\"og:image:type\" content=\"image\/jpeg\" \/>\n<meta name=\"twitter:card\" content=\"summary_large_image\" \/>\n<meta name=\"twitter:label1\" content=\"Est. reading time\" \/>\n\t<meta name=\"twitter:data1\" content=\"1 ph\u00fat\" \/>\n<script type=\"application\/ld+json\" class=\"yoast-schema-graph\">{\"@context\":\"https:\/\/schema.org\",\"@graph\":[{\"@type\":\"WebPage\",\"@id\":\"https:\/\/steinberg-armaturen.vn\/en\/collections\/shower-set-2\/\",\"url\":\"https:\/\/steinberg-armaturen.vn\/en\/collections\/shower-set-2\/\",\"name\":\"shower set - Steinberg Armaturen\",\"isPartOf\":{\"@id\":\"https:\/\/steinberg-armaturen.vn\/vi\/#website\"},\"primaryImageOfPage\":{\"@id\":\"https:\/\/steinberg-armaturen.vn\/en\/collections\/shower-set-2\/#primaryimage\"},\"image\":{\"@id\":\"https:\/\/steinberg-armaturen.vn\/en\/collections\/shower-set-2\/#primaryimage\"},\"thumbnailUrl\":\"https:\/\/steinberg-armaturen.vn\/wp-content\/uploads\/sites\/34\/2024\/09\/390_2700_2305_pm1_q_web.jpg\",\"datePublished\":\"2024-09-07T17:15:22+00:00\",\"dateModified\":\"2024-12-24T02:44:58+00:00\",\"breadcrumb\":{\"@id\":\"https:\/\/steinberg-armaturen.vn\/en\/collections\/shower-set-2\/#breadcrumb\"},\"inLanguage\":\"vi\",\"potentialAction\":[{\"@type\":\"ReadAction\",\"target\":[\"https:\/\/steinberg-armaturen.vn\/en\/collections\/shower-set-2\/\"]}]},{\"@type\":\"ImageObject\",\"inLanguage\":\"vi\",\"@id\":\"https:\/\/steinberg-armaturen.vn\/en\/collections\/shower-set-2\/#primaryimage\",\"url\":\"https:\/\/steinberg-armaturen.vn\/wp-content\/uploads\/sites\/34\/2024\/09\/390_2700_2305_pm1_q_web.jpg\",\"contentUrl\":\"https:\/\/steinberg-armaturen.vn\/wp-content\/uploads\/sites\/34\/2024\/09\/390_2700_2305_pm1_q_web.jpg\",\"width\":840,\"height\":840},{\"@type\":\"BreadcrumbList\",\"@id\":\"https:\/\/steinberg-armaturen.vn\/en\/collections\/shower-set-2\/#breadcrumb\",\"itemListElement\":[{\"@type\":\"ListItem\",\"position\":1,\"name\":\"Home\",\"item\":\"https:\/\/steinberg-armaturen.vn\/\"},{\"@type\":\"ListItem\",\"position\":2,\"name\":\"Collections\",\"item\":\"https:\/\/steinberg-armaturen.vn\/vi\/collections\/\"},{\"@type\":\"ListItem\",\"position\":3,\"name\":\"shower set\"}]},{\"@type\":\"WebSite\",\"@id\":\"https:\/\/steinberg-armaturen.vn\/vi\/#website\",\"url\":\"https:\/\/steinberg-armaturen.vn\/vi\/\",\"name\":\"Steinberg Armaturen\",\"description\":\"\",\"publisher\":{\"@id\":\"https:\/\/steinberg-armaturen.vn\/vi\/#organization\"},\"potentialAction\":[{\"@type\":\"SearchAction\",\"target\":{\"@type\":\"EntryPoint\",\"urlTemplate\":\"https:\/\/steinberg-armaturen.vn\/vi\/?s={search_term_string}\"},\"query-input\":{\"@type\":\"PropertyValueSpecification\",\"valueRequired\":true,\"valueName\":\"search_term_string\"}}],\"inLanguage\":\"vi\"},{\"@type\":\"Organization\",\"@id\":\"https:\/\/steinberg-armaturen.vn\/vi\/#organization\",\"name\":\"Steinberg Armaturen\",\"url\":\"https:\/\/steinberg-armaturen.vn\/vi\/\",\"logo\":{\"@type\":\"ImageObject\",\"inLanguage\":\"vi\",\"@id\":\"https:\/\/steinberg-armaturen.vn\/vi\/#\/schema\/logo\/image\/\",\"url\":\"https:\/\/steinberg-armaturen.vn\/wp-content\/uploads\/sites\/34\/2024\/09\/STEINBERGVIETNAM-e1727113052572.png\",\"contentUrl\":\"https:\/\/steinberg-armaturen.vn\/wp-content\/uploads\/sites\/34\/2024\/09\/STEINBERGVIETNAM-e1727113052572.png\",\"width\":3297,\"height\":1075,\"caption\":\"Steinberg Armaturen\"},\"image\":{\"@id\":\"https:\/\/steinberg-armaturen.vn\/vi\/#\/schema\/logo\/image\/\"}}]}<\/script>\n<!-- \/ Yoast SEO plugin. -->","yoast_head_json":{"title":"shower set - Steinberg Armaturen","robots":{"index":"index","follow":"follow","max-snippet":"max-snippet:-1","max-image-preview":"max-image-preview:large","max-video-preview":"max-video-preview:-1"},"canonical":"https:\/\/steinberg-armaturen.vn\/vi\/collections\/shower-set-2\/","og_locale":"vi_VN","og_type":"article","og_title":"shower set - Steinberg Armaturen","og_description":"complete with thermostatic shower mixer, with rain shower (with Easy Clean)and handshower, with glass shelf, with sliding bracket for handshower, with height adjustable shower arm(during installation)","og_url":"https:\/\/steinberg-armaturen.vn\/vi\/collections\/shower-set-2\/","og_site_name":"Steinberg Armaturen","article_modified_time":"2024-12-24T02:44:58+00:00","og_image":[{"width":840,"height":840,"url":"https:\/\/steinberg-armaturen.vn\/wp-content\/uploads\/sites\/34\/2024\/09\/390_2700_2305_pm1_q_web.jpg","type":"image\/jpeg"}],"twitter_card":"summary_large_image","twitter_misc":{"Est. reading time":"1 ph\u00fat"},"schema":{"@context":"https:\/\/schema.org","@graph":[{"@type":"WebPage","@id":"https:\/\/steinberg-armaturen.vn\/en\/collections\/shower-set-2\/","url":"https:\/\/steinberg-armaturen.vn\/en\/collections\/shower-set-2\/","name":"shower set - Steinberg Armaturen","isPartOf":{"@id":"https:\/\/steinberg-armaturen.vn\/vi\/#website"},"primaryImageOfPage":{"@id":"https:\/\/steinberg-armaturen.vn\/en\/collections\/shower-set-2\/#primaryimage"},"image":{"@id":"https:\/\/steinberg-armaturen.vn\/en\/collections\/shower-set-2\/#primaryimage"},"thumbnailUrl":"https:\/\/steinberg-armaturen.vn\/wp-content\/uploads\/sites\/34\/2024\/09\/390_2700_2305_pm1_q_web.jpg","datePublished":"2024-09-07T17:15:22+00:00","dateModified":"2024-12-24T02:44:58+00:00","breadcrumb":{"@id":"https:\/\/steinberg-armaturen.vn\/en\/collections\/shower-set-2\/#breadcrumb"},"inLanguage":"vi","potentialAction":[{"@type":"ReadAction","target":["https:\/\/steinberg-armaturen.vn\/en\/collections\/shower-set-2\/"]}]},{"@type":"ImageObject","inLanguage":"vi","@id":"https:\/\/steinberg-armaturen.vn\/en\/collections\/shower-set-2\/#primaryimage","url":"https:\/\/steinberg-armaturen.vn\/wp-content\/uploads\/sites\/34\/2024\/09\/390_2700_2305_pm1_q_web.jpg","contentUrl":"https:\/\/steinberg-armaturen.vn\/wp-content\/uploads\/sites\/34\/2024\/09\/390_2700_2305_pm1_q_web.jpg","width":840,"height":840},{"@type":"BreadcrumbList","@id":"https:\/\/steinberg-armaturen.vn\/en\/collections\/shower-set-2\/#breadcrumb","itemListElement":[{"@type":"ListItem","position":1,"name":"Home","item":"https:\/\/steinberg-armaturen.vn\/"},{"@type":"ListItem","position":2,"name":"Collections","item":"https:\/\/steinberg-armaturen.vn\/vi\/collections\/"},{"@type":"ListItem","position":3,"name":"shower set"}]},{"@type":"WebSite","@id":"https:\/\/steinberg-armaturen.vn\/vi\/#website","url":"https:\/\/steinberg-armaturen.vn\/vi\/","name":"Steinberg Armaturen","description":"","publisher":{"@id":"https:\/\/steinberg-armaturen.vn\/vi\/#organization"},"potentialAction":[{"@type":"SearchAction","target":{"@type":"EntryPoint","urlTemplate":"https:\/\/steinberg-armaturen.vn\/vi\/?s={search_term_string}"},"query-input":{"@type":"PropertyValueSpecification","valueRequired":true,"valueName":"search_term_string"}}],"inLanguage":"vi"},{"@type":"Organization","@id":"https:\/\/steinberg-armaturen.vn\/vi\/#organization","name":"Steinberg Armaturen","url":"https:\/\/steinberg-armaturen.vn\/vi\/","logo":{"@type":"ImageObject","inLanguage":"vi","@id":"https:\/\/steinberg-armaturen.vn\/vi\/#\/schema\/logo\/image\/","url":"https:\/\/steinberg-armaturen.vn\/wp-content\/uploads\/sites\/34\/2024\/09\/STEINBERGVIETNAM-e1727113052572.png","contentUrl":"https:\/\/steinberg-armaturen.vn\/wp-content\/uploads\/sites\/34\/2024\/09\/STEINBERGVIETNAM-e1727113052572.png","width":3297,"height":1075,"caption":"Steinberg Armaturen"},"image":{"@id":"https:\/\/steinberg-armaturen.vn\/vi\/#\/schema\/logo\/image\/"}}]}},"_links":{"self":[{"href":"https:\/\/steinberg-armaturen.vn\/vi\/wp-json\/wp\/v2\/product\/1992","targetHints":{"allow":["GET"]}}],"collection":[{"href":"https:\/\/steinberg-armaturen.vn\/vi\/wp-json\/wp\/v2\/product"}],"about":[{"href":"https:\/\/steinberg-armaturen.vn\/vi\/wp-json\/wp\/v2\/types\/product"}],"wp:featuredmedia":[{"embeddable":true,"href":"https:\/\/steinberg-armaturen.vn\/vi\/wp-json\/wp\/v2\/media\/3968"}],"wp:attachment":[{"href":"https:\/\/steinberg-armaturen.vn\/vi\/wp-json\/wp\/v2\/media?parent=1992"}],"wp:term":[{"taxonomy":"product_brand","embeddable":true,"href":"https:\/\/steinberg-armaturen.vn\/vi\/wp-json\/wp\/v2\/product_brand?post=1992"},{"taxonomy":"product_collection","embeddable":true,"href":"https:\/\/steinberg-armaturen.vn\/vi\/wp-json\/wp\/v2\/product_collection?post=1992"},{"taxonomy":"product-functions","embeddable":true,"href":"https:\/\/steinberg-armaturen.vn\/vi\/wp-json\/wp\/v2\/product-functions?post=1992"},{"taxonomy":"product_series","embeddable":true,"href":"https:\/\/steinberg-armaturen.vn\/vi\/wp-json\/wp\/v2\/product_series?post=1992"},{"taxonomy":"product_cat","embeddable":true,"href":"https:\/\/steinberg-armaturen.vn\/vi\/wp-json\/wp\/v2\/product_cat?post=1992"},{"taxonomy":"product_tag","embeddable":true,"href":"https:\/\/steinberg-armaturen.vn\/vi\/wp-json\/wp\/v2\/product_tag?post=1992"}],"curies":[{"name":"wp","href":"https:\/\/api.w.org\/{rel}","templated":true}]}}