{"id":5527,"date":"2024-12-05T10:52:26","date_gmt":"2024-12-05T03:52:26","guid":{"rendered":"https:\/\/steinberg.omoeo.com\/?page_id=5527"},"modified":"2024-12-05T11:16:51","modified_gmt":"2024-12-05T04:16:51","slug":"bciequinox","status":"publish","type":"page","link":"https:\/\/steinberg-armaturen.vn\/vi\/bciequinox\/","title":{"rendered":"BCIEquinox"},"content":{"rendered":"\t\t<div data-elementor-type=\"wp-page\" data-elementor-id=\"5527\" class=\"elementor elementor-5527\">\n\t\t\t\t<div class=\"elementor-element elementor-element-60ec38cf e-flex e-con-boxed e-con e-parent\" data-id=\"60ec38cf\" data-element_type=\"container\">\n\t\t\t\t\t<div class=\"e-con-inner\">\n\t\t\t\t\t<\/div>\n\t\t\t\t<\/div>\n\t\t<div class=\"elementor-element elementor-element-1158d63c e-flex e-con-boxed e-con e-parent\" data-id=\"1158d63c\" data-element_type=\"container\">\n\t\t\t\t\t<div class=\"e-con-inner\">\n\t\t\t\t<div class=\"elementor-element elementor-element-51e65b5 elementor-arrows-position-inside elementor-pagination-position-outside elementor-widget elementor-widget-image-carousel\" data-id=\"51e65b5\" data-element_type=\"widget\" data-settings=\"{&quot;slides_to_show&quot;:&quot;4&quot;,&quot;lazyload&quot;:&quot;yes&quot;,&quot;navigation&quot;:&quot;both&quot;,&quot;autoplay&quot;:&quot;yes&quot;,&quot;pause_on_hover&quot;:&quot;yes&quot;,&quot;pause_on_interaction&quot;:&quot;yes&quot;,&quot;autoplay_speed&quot;:5000,&quot;infinite&quot;:&quot;yes&quot;,&quot;speed&quot;:500,&quot;image_spacing_custom&quot;:{&quot;unit&quot;:&quot;px&quot;,&quot;size&quot;:20,&quot;sizes&quot;:[]},&quot;image_spacing_custom_tablet&quot;:{&quot;unit&quot;:&quot;px&quot;,&quot;size&quot;:&quot;&quot;,&quot;sizes&quot;:[]},&quot;image_spacing_custom_mobile&quot;:{&quot;unit&quot;:&quot;px&quot;,&quot;size&quot;:&quot;&quot;,&quot;sizes&quot;:[]}}\" data-widget_type=\"image-carousel.default\">\n\t\t\t\t<div class=\"elementor-widget-container\">\n\t\t\t\t\t\t\t<div class=\"elementor-image-carousel-wrapper swiper\" role=\"region\" aria-roledescription=\"carousel\" aria-label=\"Image Carousel\" dir=\"ltr\">\n\t\t\t<div class=\"elementor-image-carousel swiper-wrapper\" aria-live=\"off\">\n\t\t\t\t\t\t\t\t<div class=\"swiper-slide\" role=\"group\" aria-roledescription=\"slide\" aria-label=\"1 of 10\"><a data-elementor-open-lightbox=\"yes\" data-elementor-lightbox-slideshow=\"51e65b5\" data-elementor-lightbox-title=\"IMG_5782\" data-e-action-hash=\"#elementor-action%3Aaction%3Dlightbox%26settings%3DeyJpZCI6IjU0NzciLCJ1cmwiOiJodHRwczpcL1wvc3RlaW5iZXJnLWFybWF0dXJlbi52blwvd3AtY29udGVudFwvdXBsb2Fkc1wvc2l0ZXNcLzM0XC8yMDI0XC8xMlwvSU1HXzU3ODItMS5qcGciLCJzbGlkZXNob3ciOiI1MWU2NWI1In0%3D\" href=\"https:\/\/steinberg-armaturen.vn\/wp-content\/uploads\/sites\/34\/2024\/12\/IMG_5782-1.jpg\"><figure class=\"swiper-slide-inner\"><img class=\"swiper-slide-image swiper-lazy\" data-src=\"https:\/\/steinberg-armaturen.vn\/wp-content\/uploads\/sites\/34\/2024\/12\/IMG_5782-1-600x600.jpg\" alt=\"IMG_5782\" \/><div class=\"swiper-lazy-preloader\"><\/div><\/figure><\/a><\/div><div class=\"swiper-slide\" role=\"group\" aria-roledescription=\"slide\" aria-label=\"2 of 10\"><a data-elementor-open-lightbox=\"yes\" data-elementor-lightbox-slideshow=\"51e65b5\" data-elementor-lightbox-title=\"IMG_5783\" data-e-action-hash=\"#elementor-action%3Aaction%3Dlightbox%26settings%3DeyJpZCI6IjU0NzUiLCJ1cmwiOiJodHRwczpcL1wvc3RlaW5iZXJnLWFybWF0dXJlbi52blwvd3AtY29udGVudFwvdXBsb2Fkc1wvc2l0ZXNcLzM0XC8yMDI0XC8xMlwvSU1HXzU3ODMuanBnIiwic2xpZGVzaG93IjoiNTFlNjViNSJ9\" href=\"https:\/\/steinberg-armaturen.vn\/wp-content\/uploads\/sites\/34\/2024\/12\/IMG_5783.jpg\"><figure class=\"swiper-slide-inner\"><img class=\"swiper-slide-image swiper-lazy\" data-src=\"https:\/\/steinberg-armaturen.vn\/wp-content\/uploads\/sites\/34\/2024\/12\/IMG_5783-600x600.jpg\" alt=\"IMG_5783\" \/><div class=\"swiper-lazy-preloader\"><\/div><\/figure><\/a><\/div><div class=\"swiper-slide\" role=\"group\" aria-roledescription=\"slide\" aria-label=\"3 of 10\"><a data-elementor-open-lightbox=\"yes\" data-elementor-lightbox-slideshow=\"51e65b5\" data-elementor-lightbox-title=\"MM1H1312\" data-e-action-hash=\"#elementor-action%3Aaction%3Dlightbox%26settings%3DeyJpZCI6IjU0NjYiLCJ1cmwiOiJodHRwczpcL1wvc3RlaW5iZXJnLWFybWF0dXJlbi52blwvd3AtY29udGVudFwvdXBsb2Fkc1wvc2l0ZXNcLzM0XC8yMDI0XC8xMlwvTU0xSDEzMTItc2NhbGVkLmpwZyIsInNsaWRlc2hvdyI6IjUxZTY1YjUifQ%3D%3D\" href=\"https:\/\/steinberg-armaturen.vn\/wp-content\/uploads\/sites\/34\/2024\/12\/MM1H1312-scaled.jpg\"><figure class=\"swiper-slide-inner\"><img class=\"swiper-slide-image swiper-lazy\" data-src=\"https:\/\/steinberg-armaturen.vn\/wp-content\/uploads\/sites\/34\/2024\/12\/MM1H1312-600x600.jpg\" alt=\"MM1H1312\" \/><div class=\"swiper-lazy-preloader\"><\/div><\/figure><\/a><\/div><div class=\"swiper-slide\" role=\"group\" aria-roledescription=\"slide\" aria-label=\"4 of 10\"><a data-elementor-open-lightbox=\"yes\" data-elementor-lightbox-slideshow=\"51e65b5\" data-elementor-lightbox-title=\"MM1H1493\" data-e-action-hash=\"#elementor-action%3Aaction%3Dlightbox%26settings%3DeyJpZCI6IjU0NzEiLCJ1cmwiOiJodHRwczpcL1wvc3RlaW5iZXJnLWFybWF0dXJlbi52blwvd3AtY29udGVudFwvdXBsb2Fkc1wvc2l0ZXNcLzM0XC8yMDI0XC8xMlwvTU0xSDE0OTMtc2NhbGVkLmpwZyIsInNsaWRlc2hvdyI6IjUxZTY1YjUifQ%3D%3D\" href=\"https:\/\/steinberg-armaturen.vn\/wp-content\/uploads\/sites\/34\/2024\/12\/MM1H1493-scaled.jpg\"><figure class=\"swiper-slide-inner\"><img class=\"swiper-slide-image swiper-lazy\" data-src=\"https:\/\/steinberg-armaturen.vn\/wp-content\/uploads\/sites\/34\/2024\/12\/MM1H1493-600x600.jpg\" alt=\"MM1H1493\" \/><div class=\"swiper-lazy-preloader\"><\/div><\/figure><\/a><\/div><div class=\"swiper-slide\" role=\"group\" aria-roledescription=\"slide\" aria-label=\"5 of 10\"><a data-elementor-open-lightbox=\"yes\" data-elementor-lightbox-slideshow=\"51e65b5\" data-elementor-lightbox-title=\"MM1H1370\" data-e-action-hash=\"#elementor-action%3Aaction%3Dlightbox%26settings%3DeyJpZCI6IjU0NjgiLCJ1cmwiOiJodHRwczpcL1wvc3RlaW5iZXJnLWFybWF0dXJlbi52blwvd3AtY29udGVudFwvdXBsb2Fkc1wvc2l0ZXNcLzM0XC8yMDI0XC8xMlwvTU0xSDEzNzAtc2NhbGVkLmpwZyIsInNsaWRlc2hvdyI6IjUxZTY1YjUifQ%3D%3D\" href=\"https:\/\/steinberg-armaturen.vn\/wp-content\/uploads\/sites\/34\/2024\/12\/MM1H1370-scaled.jpg\"><figure class=\"swiper-slide-inner\"><img class=\"swiper-slide-image swiper-lazy\" data-src=\"https:\/\/steinberg-armaturen.vn\/wp-content\/uploads\/sites\/34\/2024\/12\/MM1H1370-600x600.jpg\" alt=\"MM1H1370\" \/><div class=\"swiper-lazy-preloader\"><\/div><\/figure><\/a><\/div><div class=\"swiper-slide\" role=\"group\" aria-roledescription=\"slide\" aria-label=\"6 of 10\"><a data-elementor-open-lightbox=\"yes\" data-elementor-lightbox-slideshow=\"51e65b5\" data-elementor-lightbox-title=\"MM1H1304\" data-e-action-hash=\"#elementor-action%3Aaction%3Dlightbox%26settings%3DeyJpZCI6IjU0NjciLCJ1cmwiOiJodHRwczpcL1wvc3RlaW5iZXJnLWFybWF0dXJlbi52blwvd3AtY29udGVudFwvdXBsb2Fkc1wvc2l0ZXNcLzM0XC8yMDI0XC8xMlwvTU0xSDEzMDQtc2NhbGVkLmpwZyIsInNsaWRlc2hvdyI6IjUxZTY1YjUifQ%3D%3D\" href=\"https:\/\/steinberg-armaturen.vn\/wp-content\/uploads\/sites\/34\/2024\/12\/MM1H1304-scaled.jpg\"><figure class=\"swiper-slide-inner\"><img class=\"swiper-slide-image swiper-lazy\" data-src=\"https:\/\/steinberg-armaturen.vn\/wp-content\/uploads\/sites\/34\/2024\/12\/MM1H1304-600x600.jpg\" alt=\"MM1H1304\" \/><div class=\"swiper-lazy-preloader\"><\/div><\/figure><\/a><\/div><div class=\"swiper-slide\" role=\"group\" aria-roledescription=\"slide\" aria-label=\"7 of 10\"><a data-elementor-open-lightbox=\"yes\" data-elementor-lightbox-slideshow=\"51e65b5\" data-elementor-lightbox-title=\"MM1H1383\" data-e-action-hash=\"#elementor-action%3Aaction%3Dlightbox%26settings%3DeyJpZCI6IjU0NjkiLCJ1cmwiOiJodHRwczpcL1wvc3RlaW5iZXJnLWFybWF0dXJlbi52blwvd3AtY29udGVudFwvdXBsb2Fkc1wvc2l0ZXNcLzM0XC8yMDI0XC8xMlwvTU0xSDEzODMtc2NhbGVkLmpwZyIsInNsaWRlc2hvdyI6IjUxZTY1YjUifQ%3D%3D\" href=\"https:\/\/steinberg-armaturen.vn\/wp-content\/uploads\/sites\/34\/2024\/12\/MM1H1383-scaled.jpg\"><figure class=\"swiper-slide-inner\"><img class=\"swiper-slide-image swiper-lazy\" data-src=\"https:\/\/steinberg-armaturen.vn\/wp-content\/uploads\/sites\/34\/2024\/12\/MM1H1383-600x600.jpg\" alt=\"MM1H1383\" \/><div class=\"swiper-lazy-preloader\"><\/div><\/figure><\/a><\/div><div class=\"swiper-slide\" role=\"group\" aria-roledescription=\"slide\" aria-label=\"8 of 10\"><a data-elementor-open-lightbox=\"yes\" data-elementor-lightbox-slideshow=\"51e65b5\" data-elementor-lightbox-title=\"MM1H1083\" data-e-action-hash=\"#elementor-action%3Aaction%3Dlightbox%26settings%3DeyJpZCI6IjU0NzMiLCJ1cmwiOiJodHRwczpcL1wvc3RlaW5iZXJnLWFybWF0dXJlbi52blwvd3AtY29udGVudFwvdXBsb2Fkc1wvc2l0ZXNcLzM0XC8yMDI0XC8xMlwvTU0xSDEwODMtc2NhbGVkLmpwZyIsInNsaWRlc2hvdyI6IjUxZTY1YjUifQ%3D%3D\" href=\"https:\/\/steinberg-armaturen.vn\/wp-content\/uploads\/sites\/34\/2024\/12\/MM1H1083-scaled.jpg\"><figure class=\"swiper-slide-inner\"><img class=\"swiper-slide-image swiper-lazy\" data-src=\"https:\/\/steinberg-armaturen.vn\/wp-content\/uploads\/sites\/34\/2024\/12\/MM1H1083-600x600.jpg\" alt=\"MM1H1083\" \/><div class=\"swiper-lazy-preloader\"><\/div><\/figure><\/a><\/div><div class=\"swiper-slide\" role=\"group\" aria-roledescription=\"slide\" aria-label=\"9 of 10\"><a data-elementor-open-lightbox=\"yes\" data-elementor-lightbox-slideshow=\"51e65b5\" data-elementor-lightbox-title=\"MM1H1191\" data-e-action-hash=\"#elementor-action%3Aaction%3Dlightbox%26settings%3DeyJpZCI6IjU0NzQiLCJ1cmwiOiJodHRwczpcL1wvc3RlaW5iZXJnLWFybWF0dXJlbi52blwvd3AtY29udGVudFwvdXBsb2Fkc1wvc2l0ZXNcLzM0XC8yMDI0XC8xMlwvTU0xSDExOTEtc2NhbGVkLmpwZyIsInNsaWRlc2hvdyI6IjUxZTY1YjUifQ%3D%3D\" href=\"https:\/\/steinberg-armaturen.vn\/wp-content\/uploads\/sites\/34\/2024\/12\/MM1H1191-scaled.jpg\"><figure class=\"swiper-slide-inner\"><img class=\"swiper-slide-image swiper-lazy\" data-src=\"https:\/\/steinberg-armaturen.vn\/wp-content\/uploads\/sites\/34\/2024\/12\/MM1H1191-600x600.jpg\" alt=\"MM1H1191\" \/><div class=\"swiper-lazy-preloader\"><\/div><\/figure><\/a><\/div><div class=\"swiper-slide\" role=\"group\" aria-roledescription=\"slide\" aria-label=\"10 of 10\"><a data-elementor-open-lightbox=\"yes\" data-elementor-lightbox-slideshow=\"51e65b5\" data-elementor-lightbox-title=\"MM1H1425\" data-e-action-hash=\"#elementor-action%3Aaction%3Dlightbox%26settings%3DeyJpZCI6IjU0NzAiLCJ1cmwiOiJodHRwczpcL1wvc3RlaW5iZXJnLWFybWF0dXJlbi52blwvd3AtY29udGVudFwvdXBsb2Fkc1wvc2l0ZXNcLzM0XC8yMDI0XC8xMlwvTU0xSDE0MjUtc2NhbGVkLmpwZyIsInNsaWRlc2hvdyI6IjUxZTY1YjUifQ%3D%3D\" href=\"https:\/\/steinberg-armaturen.vn\/wp-content\/uploads\/sites\/34\/2024\/12\/MM1H1425-scaled.jpg\"><figure class=\"swiper-slide-inner\"><img class=\"swiper-slide-image swiper-lazy\" data-src=\"https:\/\/steinberg-armaturen.vn\/wp-content\/uploads\/sites\/34\/2024\/12\/MM1H1425-600x600.jpg\" alt=\"MM1H1425\" \/><div class=\"swiper-lazy-preloader\"><\/div><\/figure><\/a><\/div>\t\t\t<\/div>\n\t\t\t\t\t\t\t\t\t\t\t\t<div class=\"elementor-swiper-button elementor-swiper-button-prev\" role=\"button\" tabindex=\"0\">\n\t\t\t\t\t\t<svg aria-hidden=\"true\" class=\"e-font-icon-svg e-eicon-chevron-left\" viewBox=\"0 0 1000 1000\" xmlns=\"http:\/\/www.w3.org\/2000\/svg\"><path d=\"M646 125C629 125 613 133 604 142L308 442C296 454 292 471 292 487 292 504 296 521 308 533L604 854C617 867 629 875 646 875 663 875 679 871 692 858 704 846 713 829 713 812 713 796 708 779 692 767L438 487 692 225C700 217 708 204 708 187 708 171 704 154 692 142 675 129 663 125 646 125Z\"><\/path><\/svg>\t\t\t\t\t<\/div>\n\t\t\t\t\t<div class=\"elementor-swiper-button elementor-swiper-button-next\" role=\"button\" tabindex=\"0\">\n\t\t\t\t\t\t<svg aria-hidden=\"true\" class=\"e-font-icon-svg e-eicon-chevron-right\" viewBox=\"0 0 1000 1000\" xmlns=\"http:\/\/www.w3.org\/2000\/svg\"><path d=\"M696 533C708 521 713 504 713 487 713 471 708 454 696 446L400 146C388 133 375 125 354 125 338 125 325 129 313 142 300 154 292 171 292 187 292 204 296 221 308 233L563 492 304 771C292 783 288 800 288 817 288 833 296 850 308 863 321 871 338 875 354 875 371 875 388 867 400 854L696 533Z\"><\/path><\/svg>\t\t\t\t\t<\/div>\n\t\t\t\t\n\t\t\t\t\t\t\t\t\t<div class=\"swiper-pagination\"><\/div>\n\t\t\t\t\t\t\t\t\t<\/div>\n\t\t\t\t\t\t<\/div>\n\t\t\t\t<\/div>\n\t\t\t\t\t<\/div>\n\t\t\t\t<\/div>\n\t\t<div class=\"elementor-element elementor-element-ecec36 e-flex e-con-boxed e-con e-parent\" data-id=\"ecec36\" data-element_type=\"container\">\n\t\t\t\t\t<div class=\"e-con-inner\">\n\t\t\t\t<div class=\"elementor-element elementor-element-76fb78ab elementor-widget elementor-widget-heading\" data-id=\"76fb78ab\" data-element_type=\"widget\" data-widget_type=\"heading.default\">\n\t\t\t\t<div class=\"elementor-widget-container\">\n\t\t\t\t\t<h2 class=\"elementor-heading-title elementor-size-default\">BCI Equinox<\/h2>\t\t\t\t<\/div>\n\t\t\t\t<\/div>\n\t\t\t\t<div class=\"elementor-element elementor-element-3af398fd elementor-widget elementor-widget-text-editor\" data-id=\"3af398fd\" data-element_type=\"widget\" data-widget_type=\"text-editor.default\">\n\t\t\t\t<div class=\"elementor-widget-container\">\n\t\t\t\t\t\t\t\t\t<p><em><span style=\"vertical-align: inherit\"><span style=\"vertical-align: inherit\"><span style=\"vertical-align: inherit\"><span style=\"vertical-align: inherit\">&#8220;N\u0102NG L\u01af\u1ee2NG KH\u00d4NG V\u00c0 T\u00c1I CH\u1ebe&#8221;<\/span><\/span><\/span><\/span><\/em><br \/><span style=\"vertical-align: inherit\"><span style=\"vertical-align: inherit\"><span style=\"vertical-align: inherit\"><span style=\"vertical-align: inherit\"> \u00a0 26 th\u00e1ng 7 n\u0103m 2024<\/span><\/span><\/span><\/span><\/p><p><span style=\"vertical-align: inherit\"><span style=\"vertical-align: inherit\"><span style=\"vertical-align: inherit\"><span style=\"vertical-align: inherit\">\u00a0KH\u00c1CH S\u1ea0N SHERATON SAIGON GRAND OPERA<\/span><\/span><\/span><\/span><\/p>\t\t\t\t\t\t\t\t<\/div>\n\t\t\t\t<\/div>\n\t\t\t\t\t<\/div>\n\t\t\t\t<\/div>\n\t\t\t\t<\/div>\n\t\t","protected":false},"excerpt":{"rendered":"<p>BCI Equinox &#8220;N\u0102NG L\u01af\u1ee2NG KH\u00d4NG V\u00c0 T\u00c1I CH\u1ebe&#8221; \u00a0 26 th\u00e1ng 7 n\u0103m 2024 \u00a0KH\u00c1CH S\u1ea0N SHERATON SAIGON GRAND OPERA<\/p>\n","protected":false},"author":23964,"featured_media":0,"parent":0,"menu_order":0,"comment_status":"closed","ping_status":"closed","template":"","meta":{"_acf_changed":false,"footnotes":""},"class_list":["post-5527","page","type-page","status-publish","hentry"],"acf":[],"yoast_head":"<!-- This site is optimized with the Yoast SEO plugin v24.1 - https:\/\/yoast.com\/wordpress\/plugins\/seo\/ -->\n<title>BCIEquinox - Steinberg Armaturen<\/title>\n<meta name=\"robots\" content=\"index, follow, max-snippet:-1, max-image-preview:large, max-video-preview:-1\" \/>\n<link rel=\"canonical\" href=\"https:\/\/steinberg-armaturen.vn\/vi\/bciequinox\/\" \/>\n<meta property=\"og:locale\" content=\"vi_VN\" \/>\n<meta property=\"og:type\" content=\"article\" \/>\n<meta property=\"og:title\" content=\"BCIEquinox - Steinberg Armaturen\" \/>\n<meta property=\"og:description\" content=\"BCI Equinox &#8220;N\u0102NG L\u01af\u1ee2NG KH\u00d4NG V\u00c0 T\u00c1I CH\u1ebe&#8221; \u00a0 26 th\u00e1ng 7 n\u0103m 2024 \u00a0KH\u00c1CH S\u1ea0N SHERATON SAIGON GRAND OPERA\" \/>\n<meta property=\"og:url\" content=\"https:\/\/steinberg-armaturen.vn\/vi\/bciequinox\/\" \/>\n<meta property=\"og:site_name\" content=\"Steinberg Armaturen\" \/>\n<meta property=\"article:modified_time\" content=\"2024-12-05T04:16:51+00:00\" \/>\n<meta property=\"og:image\" content=\"http:\/\/steinberg.omoeo.com\/wp-content\/uploads\/sites\/34\/2024\/12\/IMG_5782-1-600x600.jpg\" \/>\n<meta name=\"twitter:card\" content=\"summary_large_image\" \/>\n<meta name=\"twitter:label1\" content=\"Est. reading time\" \/>\n\t<meta name=\"twitter:data1\" content=\"4 ph\u00fat\" \/>\n<script type=\"application\/ld+json\" class=\"yoast-schema-graph\">{\"@context\":\"https:\/\/schema.org\",\"@graph\":[{\"@type\":\"WebPage\",\"@id\":\"https:\/\/steinberg-armaturen.vn\/vi\/bciequinox\/\",\"url\":\"https:\/\/steinberg-armaturen.vn\/vi\/bciequinox\/\",\"name\":\"BCIEquinox - Steinberg Armaturen\",\"isPartOf\":{\"@id\":\"https:\/\/steinberg-armaturen.vn\/vi\/#website\"},\"primaryImageOfPage\":{\"@id\":\"https:\/\/steinberg-armaturen.vn\/vi\/bciequinox\/#primaryimage\"},\"image\":{\"@id\":\"https:\/\/steinberg-armaturen.vn\/vi\/bciequinox\/#primaryimage\"},\"thumbnailUrl\":\"http:\/\/steinberg.omoeo.com\/wp-content\/uploads\/sites\/34\/2024\/12\/IMG_5782-1-600x600.jpg\",\"datePublished\":\"2024-12-05T03:52:26+00:00\",\"dateModified\":\"2024-12-05T04:16:51+00:00\",\"breadcrumb\":{\"@id\":\"https:\/\/steinberg-armaturen.vn\/vi\/bciequinox\/#breadcrumb\"},\"inLanguage\":\"vi\",\"potentialAction\":[{\"@type\":\"ReadAction\",\"target\":[\"https:\/\/steinberg-armaturen.vn\/vi\/bciequinox\/\"]}]},{\"@type\":\"ImageObject\",\"inLanguage\":\"vi\",\"@id\":\"https:\/\/steinberg-armaturen.vn\/vi\/bciequinox\/#primaryimage\",\"url\":\"http:\/\/steinberg.omoeo.com\/wp-content\/uploads\/sites\/34\/2024\/12\/IMG_5782-1-600x600.jpg\",\"contentUrl\":\"http:\/\/steinberg.omoeo.com\/wp-content\/uploads\/sites\/34\/2024\/12\/IMG_5782-1-600x600.jpg\"},{\"@type\":\"BreadcrumbList\",\"@id\":\"https:\/\/steinberg-armaturen.vn\/vi\/bciequinox\/#breadcrumb\",\"itemListElement\":[{\"@type\":\"ListItem\",\"position\":1,\"name\":\"Home\",\"item\":\"https:\/\/steinberg-armaturen.vn\/\"},{\"@type\":\"ListItem\",\"position\":2,\"name\":\"BCIEquinox\"}]},{\"@type\":\"WebSite\",\"@id\":\"https:\/\/steinberg-armaturen.vn\/vi\/#website\",\"url\":\"https:\/\/steinberg-armaturen.vn\/vi\/\",\"name\":\"Steinberg Armaturen\",\"description\":\"\",\"publisher\":{\"@id\":\"https:\/\/steinberg-armaturen.vn\/vi\/#organization\"},\"potentialAction\":[{\"@type\":\"SearchAction\",\"target\":{\"@type\":\"EntryPoint\",\"urlTemplate\":\"https:\/\/steinberg-armaturen.vn\/vi\/?s={search_term_string}\"},\"query-input\":{\"@type\":\"PropertyValueSpecification\",\"valueRequired\":true,\"valueName\":\"search_term_string\"}}],\"inLanguage\":\"vi\"},{\"@type\":\"Organization\",\"@id\":\"https:\/\/steinberg-armaturen.vn\/vi\/#organization\",\"name\":\"Steinberg Armaturen\",\"url\":\"https:\/\/steinberg-armaturen.vn\/vi\/\",\"logo\":{\"@type\":\"ImageObject\",\"inLanguage\":\"vi\",\"@id\":\"https:\/\/steinberg-armaturen.vn\/vi\/#\/schema\/logo\/image\/\",\"url\":\"https:\/\/steinberg-armaturen.vn\/wp-content\/uploads\/sites\/34\/2024\/09\/STEINBERGVIETNAM-e1727113052572.png\",\"contentUrl\":\"https:\/\/steinberg-armaturen.vn\/wp-content\/uploads\/sites\/34\/2024\/09\/STEINBERGVIETNAM-e1727113052572.png\",\"width\":3297,\"height\":1075,\"caption\":\"Steinberg Armaturen\"},\"image\":{\"@id\":\"https:\/\/steinberg-armaturen.vn\/vi\/#\/schema\/logo\/image\/\"}}]}<\/script>\n<!-- \/ Yoast SEO plugin. -->","yoast_head_json":{"title":"BCIEquinox - Steinberg Armaturen","robots":{"index":"index","follow":"follow","max-snippet":"max-snippet:-1","max-image-preview":"max-image-preview:large","max-video-preview":"max-video-preview:-1"},"canonical":"https:\/\/steinberg-armaturen.vn\/vi\/bciequinox\/","og_locale":"vi_VN","og_type":"article","og_title":"BCIEquinox - Steinberg Armaturen","og_description":"BCI Equinox &#8220;N\u0102NG L\u01af\u1ee2NG KH\u00d4NG V\u00c0 T\u00c1I CH\u1ebe&#8221; \u00a0 26 th\u00e1ng 7 n\u0103m 2024 \u00a0KH\u00c1CH S\u1ea0N SHERATON SAIGON GRAND OPERA","og_url":"https:\/\/steinberg-armaturen.vn\/vi\/bciequinox\/","og_site_name":"Steinberg Armaturen","article_modified_time":"2024-12-05T04:16:51+00:00","og_image":[{"url":"http:\/\/steinberg.omoeo.com\/wp-content\/uploads\/sites\/34\/2024\/12\/IMG_5782-1-600x600.jpg","type":"","width":"","height":""}],"twitter_card":"summary_large_image","twitter_misc":{"Est. reading time":"4 ph\u00fat"},"schema":{"@context":"https:\/\/schema.org","@graph":[{"@type":"WebPage","@id":"https:\/\/steinberg-armaturen.vn\/vi\/bciequinox\/","url":"https:\/\/steinberg-armaturen.vn\/vi\/bciequinox\/","name":"BCIEquinox - Steinberg Armaturen","isPartOf":{"@id":"https:\/\/steinberg-armaturen.vn\/vi\/#website"},"primaryImageOfPage":{"@id":"https:\/\/steinberg-armaturen.vn\/vi\/bciequinox\/#primaryimage"},"image":{"@id":"https:\/\/steinberg-armaturen.vn\/vi\/bciequinox\/#primaryimage"},"thumbnailUrl":"http:\/\/steinberg.omoeo.com\/wp-content\/uploads\/sites\/34\/2024\/12\/IMG_5782-1-600x600.jpg","datePublished":"2024-12-05T03:52:26+00:00","dateModified":"2024-12-05T04:16:51+00:00","breadcrumb":{"@id":"https:\/\/steinberg-armaturen.vn\/vi\/bciequinox\/#breadcrumb"},"inLanguage":"vi","potentialAction":[{"@type":"ReadAction","target":["https:\/\/steinberg-armaturen.vn\/vi\/bciequinox\/"]}]},{"@type":"ImageObject","inLanguage":"vi","@id":"https:\/\/steinberg-armaturen.vn\/vi\/bciequinox\/#primaryimage","url":"http:\/\/steinberg.omoeo.com\/wp-content\/uploads\/sites\/34\/2024\/12\/IMG_5782-1-600x600.jpg","contentUrl":"http:\/\/steinberg.omoeo.com\/wp-content\/uploads\/sites\/34\/2024\/12\/IMG_5782-1-600x600.jpg"},{"@type":"BreadcrumbList","@id":"https:\/\/steinberg-armaturen.vn\/vi\/bciequinox\/#breadcrumb","itemListElement":[{"@type":"ListItem","position":1,"name":"Home","item":"https:\/\/steinberg-armaturen.vn\/"},{"@type":"ListItem","position":2,"name":"BCIEquinox"}]},{"@type":"WebSite","@id":"https:\/\/steinberg-armaturen.vn\/vi\/#website","url":"https:\/\/steinberg-armaturen.vn\/vi\/","name":"Steinberg Armaturen","description":"","publisher":{"@id":"https:\/\/steinberg-armaturen.vn\/vi\/#organization"},"potentialAction":[{"@type":"SearchAction","target":{"@type":"EntryPoint","urlTemplate":"https:\/\/steinberg-armaturen.vn\/vi\/?s={search_term_string}"},"query-input":{"@type":"PropertyValueSpecification","valueRequired":true,"valueName":"search_term_string"}}],"inLanguage":"vi"},{"@type":"Organization","@id":"https:\/\/steinberg-armaturen.vn\/vi\/#organization","name":"Steinberg Armaturen","url":"https:\/\/steinberg-armaturen.vn\/vi\/","logo":{"@type":"ImageObject","inLanguage":"vi","@id":"https:\/\/steinberg-armaturen.vn\/vi\/#\/schema\/logo\/image\/","url":"https:\/\/steinberg-armaturen.vn\/wp-content\/uploads\/sites\/34\/2024\/09\/STEINBERGVIETNAM-e1727113052572.png","contentUrl":"https:\/\/steinberg-armaturen.vn\/wp-content\/uploads\/sites\/34\/2024\/09\/STEINBERGVIETNAM-e1727113052572.png","width":3297,"height":1075,"caption":"Steinberg Armaturen"},"image":{"@id":"https:\/\/steinberg-armaturen.vn\/vi\/#\/schema\/logo\/image\/"}}]}},"_links":{"self":[{"href":"https:\/\/steinberg-armaturen.vn\/vi\/wp-json\/wp\/v2\/pages\/5527","targetHints":{"allow":["GET"]}}],"collection":[{"href":"https:\/\/steinberg-armaturen.vn\/vi\/wp-json\/wp\/v2\/pages"}],"about":[{"href":"https:\/\/steinberg-armaturen.vn\/vi\/wp-json\/wp\/v2\/types\/page"}],"author":[{"embeddable":true,"href":"https:\/\/steinberg-armaturen.vn\/vi\/wp-json\/wp\/v2\/users\/23964"}],"replies":[{"embeddable":true,"href":"https:\/\/steinberg-armaturen.vn\/vi\/wp-json\/wp\/v2\/comments?post=5527"}],"version-history":[{"count":0,"href":"https:\/\/steinberg-armaturen.vn\/vi\/wp-json\/wp\/v2\/pages\/5527\/revisions"}],"wp:attachment":[{"href":"https:\/\/steinberg-armaturen.vn\/vi\/wp-json\/wp\/v2\/media?parent=5527"}],"curies":[{"name":"wp","href":"https:\/\/api.w.org\/{rel}","templated":true}]}}