{"id":1579,"date":"2024-09-07T12:34:36","date_gmt":"2024-09-07T05:34:36","guid":{"rendered":"https:\/\/steinberg.omoeo.com\/?post_type=product&#038;p=1579"},"modified":"2024-12-24T09:44:51","modified_gmt":"2024-12-24T02:44:51","slug":"thermostatic-bath-shower-mixer-1-2-chrom","status":"publish","type":"product","link":"https:\/\/steinberg-armaturen.vn\/en\/collections\/thermostatic-bath-shower-mixer-1-2-chrom\/","title":{"rendered":"Thermostatic bath\/shower mixer 1\/2&#8243;, chrom"},"content":{"rendered":"<ul>\n<li>Weight: 2.45 kg<\/li>\n<li class=\"visually-hidden\">Color: chrome<\/li>\n<li>Fitting type: Thermostat fitting<\/li>\n<li>Projection: 200.00<\/li>\n<li>Spout: With rigid spout<\/li>\n<li>Convenience Features: Classic manual<\/li>\n<li>Design: Round design<\/li>\n<li>Flow\/volume in inches: 1\/2 Zoll<\/li>\n<li>Durchlauferhitzer: Suitable for instantaneous water heaters 21kwh<\/li>\n<li>Eigensicher gegen R\u00fcckflie\u00dfen: Eigensicher gegen R\u00fcckflie\u00dfen<\/li>\n<li>Aerator: With visible aerator, normal jet<\/li>\n<li>Material: Brass<\/li>\n<li>Volume Control: Without quantity regulation<\/li>\n<li>Mit Handbrause \/ Kopfbrause \/ Auslauf: Mit Auslauf<\/li>\n<li>Mounting Variant: Surface mounting<\/li>\n<li>New Products: Neuheiten<\/li>\n<li>Umstellungskomfort: With diverter<\/li>\n<li>Diverter Variants: With 2 outputs<\/li>\n<\/ul>","protected":false},"excerpt":{"rendered":"<p>with diverter, projection 194 mm, with temperature and volume control, intrinsically\u00a0safe against backflow<\/p>","protected":false},"featured_media":2343,"template":"","meta":{"_acf_changed":false},"product_brand":[86],"product_collection":[],"product-functions":[],"product_series":[26],"product_cat":[42,43],"product_tag":[],"class_list":{"0":"post-1579","1":"product","2":"type-product","3":"status-publish","4":"has-post-thumbnail","6":"product_brand-steinberg","7":"product_series-series-340","8":"product_cat-shower","9":"product_cat-bathtub-faucet","10":"pa_surface-variants-black","11":"pa_surface-variants-brushed-gold","12":"pa_surface-variants-chrome","14":"first","15":"instock","16":"taxable","17":"shipping-taxable","18":"purchasable","19":"product-type-variable","20":"rtwpvs-product"},"acf":[],"yoast_head":"<!-- This site is optimized with the Yoast SEO plugin v24.1 - https:\/\/yoast.com\/wordpress\/plugins\/seo\/ -->\n<title>Thermostatic bath\/shower mixer 1\/2&quot;, chrom - Steinberg Armaturen<\/title>\n<meta name=\"robots\" content=\"index, follow, max-snippet:-1, max-image-preview:large, max-video-preview:-1\" \/>\n<link rel=\"canonical\" href=\"https:\/\/steinberg-armaturen.vn\/en\/collections\/thermostatic-bath-shower-mixer-1-2-chrom\/\" \/>\n<meta property=\"og:locale\" content=\"en_US\" \/>\n<meta property=\"og:type\" content=\"article\" \/>\n<meta property=\"og:title\" content=\"Thermostatic bath\/shower mixer 1\/2&quot;, chrom - Steinberg Armaturen\" \/>\n<meta property=\"og:description\" content=\"with diverter, projection 194 mm, with temperature and volume control, intrinsically\u00a0safe against backflow\" \/>\n<meta property=\"og:url\" content=\"https:\/\/steinberg-armaturen.vn\/en\/collections\/thermostatic-bath-shower-mixer-1-2-chrom\/\" \/>\n<meta property=\"og:site_name\" content=\"Steinberg Armaturen\" \/>\n<meta property=\"article:modified_time\" content=\"2024-12-24T02:44:51+00:00\" \/>\n<meta property=\"og:image\" content=\"https:\/\/steinberg-armaturen.vn\/wp-content\/uploads\/sites\/34\/2024\/09\/340_3100_2306_pm1_q_web.jpg\" \/>\n\t<meta property=\"og:image:width\" content=\"1500\" \/>\n\t<meta property=\"og:image:height\" content=\"1500\" \/>\n\t<meta property=\"og:image:type\" content=\"image\/jpeg\" \/>\n<meta name=\"twitter:card\" content=\"summary_large_image\" \/>\n<meta name=\"twitter:label1\" content=\"Est. reading time\" \/>\n\t<meta name=\"twitter:data1\" content=\"1 minute\" \/>\n<script type=\"application\/ld+json\" class=\"yoast-schema-graph\">{\"@context\":\"https:\/\/schema.org\",\"@graph\":[{\"@type\":\"WebPage\",\"@id\":\"https:\/\/steinberg-armaturen.vn\/vi\/collections\/thermostatic-bath-shower-mixer-1-2-chrom\/\",\"url\":\"https:\/\/steinberg-armaturen.vn\/vi\/collections\/thermostatic-bath-shower-mixer-1-2-chrom\/\",\"name\":\"Thermostatic bath\/shower mixer 1\/2\\\", chrom - Steinberg Armaturen\",\"isPartOf\":{\"@id\":\"https:\/\/steinberg-armaturen.vn\/vi\/#website\"},\"primaryImageOfPage\":{\"@id\":\"https:\/\/steinberg-armaturen.vn\/vi\/collections\/thermostatic-bath-shower-mixer-1-2-chrom\/#primaryimage\"},\"image\":{\"@id\":\"https:\/\/steinberg-armaturen.vn\/vi\/collections\/thermostatic-bath-shower-mixer-1-2-chrom\/#primaryimage\"},\"thumbnailUrl\":\"https:\/\/steinberg-armaturen.vn\/wp-content\/uploads\/sites\/34\/2024\/09\/340_3100_2306_pm1_q_web.jpg\",\"datePublished\":\"2024-09-07T05:34:36+00:00\",\"dateModified\":\"2024-12-24T02:44:51+00:00\",\"breadcrumb\":{\"@id\":\"https:\/\/steinberg-armaturen.vn\/vi\/collections\/thermostatic-bath-shower-mixer-1-2-chrom\/#breadcrumb\"},\"inLanguage\":\"en-US\",\"potentialAction\":[{\"@type\":\"ReadAction\",\"target\":[\"https:\/\/steinberg-armaturen.vn\/vi\/collections\/thermostatic-bath-shower-mixer-1-2-chrom\/\"]}]},{\"@type\":\"ImageObject\",\"inLanguage\":\"en-US\",\"@id\":\"https:\/\/steinberg-armaturen.vn\/vi\/collections\/thermostatic-bath-shower-mixer-1-2-chrom\/#primaryimage\",\"url\":\"https:\/\/steinberg-armaturen.vn\/wp-content\/uploads\/sites\/34\/2024\/09\/340_3100_2306_pm1_q_web.jpg\",\"contentUrl\":\"https:\/\/steinberg-armaturen.vn\/wp-content\/uploads\/sites\/34\/2024\/09\/340_3100_2306_pm1_q_web.jpg\",\"width\":1500,\"height\":1500},{\"@type\":\"BreadcrumbList\",\"@id\":\"https:\/\/steinberg-armaturen.vn\/vi\/collections\/thermostatic-bath-shower-mixer-1-2-chrom\/#breadcrumb\",\"itemListElement\":[{\"@type\":\"ListItem\",\"position\":1,\"name\":\"Home\",\"item\":\"https:\/\/steinberg-armaturen.vn\/\"},{\"@type\":\"ListItem\",\"position\":2,\"name\":\"Collections\",\"item\":\"https:\/\/steinberg-armaturen.vn\/vi\/collections\/\"},{\"@type\":\"ListItem\",\"position\":3,\"name\":\"Thermostatic bath\/shower mixer 1\/2&#8243;, chrom\"}]},{\"@type\":\"WebSite\",\"@id\":\"https:\/\/steinberg-armaturen.vn\/vi\/#website\",\"url\":\"https:\/\/steinberg-armaturen.vn\/vi\/\",\"name\":\"Steinberg Armaturen\",\"description\":\"\",\"publisher\":{\"@id\":\"https:\/\/steinberg-armaturen.vn\/vi\/#organization\"},\"potentialAction\":[{\"@type\":\"SearchAction\",\"target\":{\"@type\":\"EntryPoint\",\"urlTemplate\":\"https:\/\/steinberg-armaturen.vn\/vi\/?s={search_term_string}\"},\"query-input\":{\"@type\":\"PropertyValueSpecification\",\"valueRequired\":true,\"valueName\":\"search_term_string\"}}],\"inLanguage\":\"en-US\"},{\"@type\":\"Organization\",\"@id\":\"https:\/\/steinberg-armaturen.vn\/vi\/#organization\",\"name\":\"Steinberg Armaturen\",\"url\":\"https:\/\/steinberg-armaturen.vn\/vi\/\",\"logo\":{\"@type\":\"ImageObject\",\"inLanguage\":\"en-US\",\"@id\":\"https:\/\/steinberg-armaturen.vn\/vi\/#\/schema\/logo\/image\/\",\"url\":\"https:\/\/steinberg-armaturen.vn\/wp-content\/uploads\/sites\/34\/2024\/09\/STEINBERGVIETNAM-e1727113052572.png\",\"contentUrl\":\"https:\/\/steinberg-armaturen.vn\/wp-content\/uploads\/sites\/34\/2024\/09\/STEINBERGVIETNAM-e1727113052572.png\",\"width\":3297,\"height\":1075,\"caption\":\"Steinberg Armaturen\"},\"image\":{\"@id\":\"https:\/\/steinberg-armaturen.vn\/vi\/#\/schema\/logo\/image\/\"}}]}<\/script>\n<!-- \/ Yoast SEO plugin. -->","yoast_head_json":{"title":"Thermostatic bath\/shower mixer 1\/2\", chrom - Steinberg Armaturen","robots":{"index":"index","follow":"follow","max-snippet":"max-snippet:-1","max-image-preview":"max-image-preview:large","max-video-preview":"max-video-preview:-1"},"canonical":"https:\/\/steinberg-armaturen.vn\/en\/collections\/thermostatic-bath-shower-mixer-1-2-chrom\/","og_locale":"en_US","og_type":"article","og_title":"Thermostatic bath\/shower mixer 1\/2\", chrom - Steinberg Armaturen","og_description":"with diverter, projection 194 mm, with temperature and volume control, intrinsically\u00a0safe against backflow","og_url":"https:\/\/steinberg-armaturen.vn\/en\/collections\/thermostatic-bath-shower-mixer-1-2-chrom\/","og_site_name":"Steinberg Armaturen","article_modified_time":"2024-12-24T02:44:51+00:00","og_image":[{"width":1500,"height":1500,"url":"https:\/\/steinberg-armaturen.vn\/wp-content\/uploads\/sites\/34\/2024\/09\/340_3100_2306_pm1_q_web.jpg","type":"image\/jpeg"}],"twitter_card":"summary_large_image","twitter_misc":{"Est. reading time":"1 minute"},"schema":{"@context":"https:\/\/schema.org","@graph":[{"@type":"WebPage","@id":"https:\/\/steinberg-armaturen.vn\/vi\/collections\/thermostatic-bath-shower-mixer-1-2-chrom\/","url":"https:\/\/steinberg-armaturen.vn\/vi\/collections\/thermostatic-bath-shower-mixer-1-2-chrom\/","name":"Thermostatic bath\/shower mixer 1\/2\", chrom - Steinberg Armaturen","isPartOf":{"@id":"https:\/\/steinberg-armaturen.vn\/vi\/#website"},"primaryImageOfPage":{"@id":"https:\/\/steinberg-armaturen.vn\/vi\/collections\/thermostatic-bath-shower-mixer-1-2-chrom\/#primaryimage"},"image":{"@id":"https:\/\/steinberg-armaturen.vn\/vi\/collections\/thermostatic-bath-shower-mixer-1-2-chrom\/#primaryimage"},"thumbnailUrl":"https:\/\/steinberg-armaturen.vn\/wp-content\/uploads\/sites\/34\/2024\/09\/340_3100_2306_pm1_q_web.jpg","datePublished":"2024-09-07T05:34:36+00:00","dateModified":"2024-12-24T02:44:51+00:00","breadcrumb":{"@id":"https:\/\/steinberg-armaturen.vn\/vi\/collections\/thermostatic-bath-shower-mixer-1-2-chrom\/#breadcrumb"},"inLanguage":"en-US","potentialAction":[{"@type":"ReadAction","target":["https:\/\/steinberg-armaturen.vn\/vi\/collections\/thermostatic-bath-shower-mixer-1-2-chrom\/"]}]},{"@type":"ImageObject","inLanguage":"en-US","@id":"https:\/\/steinberg-armaturen.vn\/vi\/collections\/thermostatic-bath-shower-mixer-1-2-chrom\/#primaryimage","url":"https:\/\/steinberg-armaturen.vn\/wp-content\/uploads\/sites\/34\/2024\/09\/340_3100_2306_pm1_q_web.jpg","contentUrl":"https:\/\/steinberg-armaturen.vn\/wp-content\/uploads\/sites\/34\/2024\/09\/340_3100_2306_pm1_q_web.jpg","width":1500,"height":1500},{"@type":"BreadcrumbList","@id":"https:\/\/steinberg-armaturen.vn\/vi\/collections\/thermostatic-bath-shower-mixer-1-2-chrom\/#breadcrumb","itemListElement":[{"@type":"ListItem","position":1,"name":"Home","item":"https:\/\/steinberg-armaturen.vn\/"},{"@type":"ListItem","position":2,"name":"Collections","item":"https:\/\/steinberg-armaturen.vn\/vi\/collections\/"},{"@type":"ListItem","position":3,"name":"Thermostatic bath\/shower mixer 1\/2&#8243;, chrom"}]},{"@type":"WebSite","@id":"https:\/\/steinberg-armaturen.vn\/vi\/#website","url":"https:\/\/steinberg-armaturen.vn\/vi\/","name":"Steinberg Armaturen","description":"","publisher":{"@id":"https:\/\/steinberg-armaturen.vn\/vi\/#organization"},"potentialAction":[{"@type":"SearchAction","target":{"@type":"EntryPoint","urlTemplate":"https:\/\/steinberg-armaturen.vn\/vi\/?s={search_term_string}"},"query-input":{"@type":"PropertyValueSpecification","valueRequired":true,"valueName":"search_term_string"}}],"inLanguage":"en-US"},{"@type":"Organization","@id":"https:\/\/steinberg-armaturen.vn\/vi\/#organization","name":"Steinberg Armaturen","url":"https:\/\/steinberg-armaturen.vn\/vi\/","logo":{"@type":"ImageObject","inLanguage":"en-US","@id":"https:\/\/steinberg-armaturen.vn\/vi\/#\/schema\/logo\/image\/","url":"https:\/\/steinberg-armaturen.vn\/wp-content\/uploads\/sites\/34\/2024\/09\/STEINBERGVIETNAM-e1727113052572.png","contentUrl":"https:\/\/steinberg-armaturen.vn\/wp-content\/uploads\/sites\/34\/2024\/09\/STEINBERGVIETNAM-e1727113052572.png","width":3297,"height":1075,"caption":"Steinberg Armaturen"},"image":{"@id":"https:\/\/steinberg-armaturen.vn\/vi\/#\/schema\/logo\/image\/"}}]}},"_links":{"self":[{"href":"https:\/\/steinberg-armaturen.vn\/en\/wp-json\/wp\/v2\/product\/1579","targetHints":{"allow":["GET"]}}],"collection":[{"href":"https:\/\/steinberg-armaturen.vn\/en\/wp-json\/wp\/v2\/product"}],"about":[{"href":"https:\/\/steinberg-armaturen.vn\/en\/wp-json\/wp\/v2\/types\/product"}],"wp:featuredmedia":[{"embeddable":true,"href":"https:\/\/steinberg-armaturen.vn\/en\/wp-json\/wp\/v2\/media\/2343"}],"wp:attachment":[{"href":"https:\/\/steinberg-armaturen.vn\/en\/wp-json\/wp\/v2\/media?parent=1579"}],"wp:term":[{"taxonomy":"product_brand","embeddable":true,"href":"https:\/\/steinberg-armaturen.vn\/en\/wp-json\/wp\/v2\/product_brand?post=1579"},{"taxonomy":"product_collection","embeddable":true,"href":"https:\/\/steinberg-armaturen.vn\/en\/wp-json\/wp\/v2\/product_collection?post=1579"},{"taxonomy":"product-functions","embeddable":true,"href":"https:\/\/steinberg-armaturen.vn\/en\/wp-json\/wp\/v2\/product-functions?post=1579"},{"taxonomy":"product_series","embeddable":true,"href":"https:\/\/steinberg-armaturen.vn\/en\/wp-json\/wp\/v2\/product_series?post=1579"},{"taxonomy":"product_cat","embeddable":true,"href":"https:\/\/steinberg-armaturen.vn\/en\/wp-json\/wp\/v2\/product_cat?post=1579"},{"taxonomy":"product_tag","embeddable":true,"href":"https:\/\/steinberg-armaturen.vn\/en\/wp-json\/wp\/v2\/product_tag?post=1579"}],"curies":[{"name":"wp","href":"https:\/\/api.w.org\/{rel}","templated":true}]}}