{"id":283,"date":"2024-07-29T09:41:12","date_gmt":"2024-07-29T09:41:12","guid":{"rendered":"https:\/\/steinberg.omoeo.com\/?page_id=283"},"modified":"2024-07-29T09:41:12","modified_gmt":"2024-07-29T09:41:12","slug":"legal-notice","status":"publish","type":"page","link":"https:\/\/steinberg-armaturen.vn\/en\/legal-notice\/","title":{"rendered":"Legal notice"},"content":{"rendered":"<p>Information according to \u00a7 5 TMG (German Telemedia Act):<\/p><p>Steinberg GmbH<\/p><p>Schiess-Stra\u00dfe 30<br>40549&nbsp;D\u00fcsseldorf<br>Germany<\/p><p>Phone&nbsp;+49 (0) 211 520 249 0<br><br>Email&nbsp;<a href=\"mailto:info@steinberg-armaturen.de\">info@steinberg-armaturen.de<\/a><br>Web&nbsp;<a href=\"https:\/\/www.steinberg-armaturen.de\/\" target=\"_blank\" rel=\"noreferrer noopener\">https:\/\/www.steinberg-armaturen.de<\/a><\/p><p>Managing Directors: Johannes L\u00f6hnert, Marcus L\u00f6hnert<\/p><p>VAT ID: DE813570656<\/p><p>Commercial Register (HRB) Number 42931<br>Local Court&nbsp;Registergericht Amtsgericht D\u00fcsseldorf<\/p><p>Responsible for content according to \u00a7 55 Abs. 2 RStV: Johannes L\u00f6hnert, Marcus L\u00f6hnert<\/p><h2 class=\"wp-block-heading\">General Information<\/h2><h3 class=\"wp-block-heading\">Copyrights<\/h3><p>\u00a9 2023 Steinberg GmbH (Germany). All rights reserved. Text, images, graphics, sound, animations, and videos are protected by copyright and other protective laws. The content of this website may not be copied, distributed, modified, or made accessible to third parties without the express permission of Steinberg GmbH. Please note that images on the websites may be subject to third-party copyright. All press information and materials contained in the appearance are exempt from this regulation.<\/p><h3 class=\"wp-block-heading\">Liability &amp; Content<\/h3><p>This website has been compiled with the utmost care. Nevertheless, no guarantee can be given for the error-free and accurate information contained herein. Any liability for damages arising directly or indirectly from the use of this website is excluded, unless such damages are based on intent or gross negligence. If reference is made on this website to websites operated by third parties, Steinberg GmbH assumes no responsibility for their content. Furthermore, statements and opinions of an author, interviewee, or forum\/community members do not always coincide with those of Steinberg GmbH, in which case Steinberg GmbH distances itself from these opinions and statements.<\/p><h3 class=\"wp-block-heading\">Used Image Material<\/h3><p>Photo credits in alphabetical order<\/p><p>J\u00f6rg Conrad, Kameha Grand Hotel, Lutz T\u00f6lle, MOMO Photodesign, Thomas Brenner, Shutterstock<\/p><h3 class=\"wp-block-heading\">Links&nbsp;&amp; References<\/h3><p>As an additional service for you, our website refers to various external websites. The links are for informational purposes only and do not endorse the content of external pages. Steinberg GmbH expressly declares that at the time of linking, the linked pages were free of illegal content. Steinberg GmbH has no influence on the current and future design and content of the linked pages and does not adopt these as its own. Therefore, Steinberg GmbH expressly distances itself from all contents of all linked pages that have been changed after the link was set. This declaration applies to all links and references set within the company&#8217;s own Internet offer, as well as to external entries in guest books, discussion forums, and mailing lists set up by Steinberg GmbH. The provider of the website to which reference was made is solely liable for illegal, incorrect, or incomplete content and, in particular, for damages resulting from the use or non-use of such information.<\/p><h3 class=\"wp-block-heading\">Other Online Presentations<\/h3><p>This provider identification and privacy policy also apply to the following online presentations of the provider of this internet presentation:<\/p><ul class=\"wp-block-list\"><li><a href=\"https:\/\/www.youtube.com\/channel\/UCacUgfRwSH2yMQmWeZZK1hA\/videos\" target=\"_blank\" rel=\"noreferrer noopener\">Youtube<\/a><\/li>\n\n<li><a href=\"https:\/\/www.pinterest.de\/steinberg_armaturen\/\" target=\"_blank\" rel=\"noreferrer noopener\">Pinterest<\/a><\/li>\n\n<li><a href=\"https:\/\/www.instagram.com\/steinberg.armaturen\/\" target=\"_blank\" rel=\"noreferrer noopener\">Instagram<\/a><\/li>\n\n<li><a href=\"https:\/\/www.architonic.com\/de\/microsite\/steinberg\/3104175\" target=\"_blank\" rel=\"noreferrer noopener\">Architonic<\/a><\/li><\/ul><p>We wish our SEO agency Semtrix good luck in this year&#8217;s&nbsp;<a href=\"https:\/\/www.semtrix.de\/conversionzauber\/\" target=\"_blank\" rel=\"noreferrer noopener\">Conversionzauber<\/a>&nbsp;Magic&nbsp;Contest.<\/p>","protected":false},"excerpt":{"rendered":"<p>Information according to \u00a7 5 TMG (German Telemedia Act): Steinberg GmbH Schiess-Stra\u00dfe 3040549&nbsp;D\u00fcsseldorfGermany Phone&nbsp;+49 (0) 211 520 249 0 Email&nbsp;info@steinberg-armaturen.deWeb&nbsp;https:\/\/www.steinberg-armaturen.de Managing Directors: Johannes L\u00f6hnert, Marcus L\u00f6hnert VAT ID: DE813570656 Commercial Register (HRB) Number 42931Local Court&nbsp;Registergericht Amtsgericht D\u00fcsseldorf Responsible for content according to \u00a7 55 Abs. 2 RStV: Johannes L\u00f6hnert, Marcus L\u00f6hnert General Information Copyrights \u00a9 [&hellip;]<\/p>","protected":false},"author":23963,"featured_media":0,"parent":0,"menu_order":0,"comment_status":"closed","ping_status":"closed","template":"","meta":{"_acf_changed":false,"footnotes":""},"class_list":["post-283","page","type-page","status-publish","hentry"],"acf":[],"yoast_head":"<!-- This site is optimized with the Yoast SEO plugin v24.1 - https:\/\/yoast.com\/wordpress\/plugins\/seo\/ -->\n<title>Legal notice - Steinberg Armaturen<\/title>\n<meta name=\"robots\" content=\"index, follow, max-snippet:-1, max-image-preview:large, max-video-preview:-1\" \/>\n<link rel=\"canonical\" href=\"https:\/\/steinberg-armaturen.vn\/en\/legal-notice\/\" \/>\n<meta property=\"og:locale\" content=\"en_US\" \/>\n<meta property=\"og:type\" content=\"article\" \/>\n<meta property=\"og:title\" content=\"Legal notice - Steinberg Armaturen\" \/>\n<meta property=\"og:description\" content=\"Information according to \u00a7 5 TMG (German Telemedia Act): Steinberg GmbH Schiess-Stra\u00dfe 3040549&nbsp;D\u00fcsseldorfGermany Phone&nbsp;+49 (0) 211 520 249 0 Email&nbsp;info@steinberg-armaturen.deWeb&nbsp;https:\/\/www.steinberg-armaturen.de Managing Directors: Johannes L\u00f6hnert, Marcus L\u00f6hnert VAT ID: DE813570656 Commercial Register (HRB) Number 42931Local Court&nbsp;Registergericht Amtsgericht D\u00fcsseldorf Responsible for content according to \u00a7 55 Abs. 2 RStV: Johannes L\u00f6hnert, Marcus L\u00f6hnert General Information Copyrights \u00a9 [&hellip;]\" \/>\n<meta property=\"og:url\" content=\"https:\/\/steinberg-armaturen.vn\/en\/legal-notice\/\" \/>\n<meta property=\"og:site_name\" content=\"Steinberg Armaturen\" \/>\n<meta name=\"twitter:card\" content=\"summary_large_image\" \/>\n<meta name=\"twitter:label1\" content=\"Est. reading time\" \/>\n\t<meta name=\"twitter:data1\" content=\"3 minutes\" \/>\n<script type=\"application\/ld+json\" class=\"yoast-schema-graph\">{\"@context\":\"https:\/\/schema.org\",\"@graph\":[{\"@type\":\"WebPage\",\"@id\":\"https:\/\/steinberg-armaturen.vn\/vi\/legal-notice\/\",\"url\":\"https:\/\/steinberg-armaturen.vn\/vi\/legal-notice\/\",\"name\":\"Legal notice - Steinberg Armaturen\",\"isPartOf\":{\"@id\":\"https:\/\/steinberg-armaturen.vn\/vi\/#website\"},\"datePublished\":\"2024-07-29T09:41:12+00:00\",\"dateModified\":\"2024-07-29T09:41:12+00:00\",\"breadcrumb\":{\"@id\":\"https:\/\/steinberg-armaturen.vn\/vi\/legal-notice\/#breadcrumb\"},\"inLanguage\":\"en-US\",\"potentialAction\":[{\"@type\":\"ReadAction\",\"target\":[\"https:\/\/steinberg-armaturen.vn\/vi\/legal-notice\/\"]}]},{\"@type\":\"BreadcrumbList\",\"@id\":\"https:\/\/steinberg-armaturen.vn\/vi\/legal-notice\/#breadcrumb\",\"itemListElement\":[{\"@type\":\"ListItem\",\"position\":1,\"name\":\"Home\",\"item\":\"https:\/\/steinberg-armaturen.vn\/\"},{\"@type\":\"ListItem\",\"position\":2,\"name\":\"Legal notice\"}]},{\"@type\":\"WebSite\",\"@id\":\"https:\/\/steinberg-armaturen.vn\/vi\/#website\",\"url\":\"https:\/\/steinberg-armaturen.vn\/vi\/\",\"name\":\"Steinberg Armaturen\",\"description\":\"\",\"publisher\":{\"@id\":\"https:\/\/steinberg-armaturen.vn\/vi\/#organization\"},\"potentialAction\":[{\"@type\":\"SearchAction\",\"target\":{\"@type\":\"EntryPoint\",\"urlTemplate\":\"https:\/\/steinberg-armaturen.vn\/vi\/?s={search_term_string}\"},\"query-input\":{\"@type\":\"PropertyValueSpecification\",\"valueRequired\":true,\"valueName\":\"search_term_string\"}}],\"inLanguage\":\"en-US\"},{\"@type\":\"Organization\",\"@id\":\"https:\/\/steinberg-armaturen.vn\/vi\/#organization\",\"name\":\"Steinberg Armaturen\",\"url\":\"https:\/\/steinberg-armaturen.vn\/vi\/\",\"logo\":{\"@type\":\"ImageObject\",\"inLanguage\":\"en-US\",\"@id\":\"https:\/\/steinberg-armaturen.vn\/vi\/#\/schema\/logo\/image\/\",\"url\":\"https:\/\/steinberg-armaturen.vn\/wp-content\/uploads\/sites\/34\/2024\/09\/STEINBERGVIETNAM-e1727113052572.png\",\"contentUrl\":\"https:\/\/steinberg-armaturen.vn\/wp-content\/uploads\/sites\/34\/2024\/09\/STEINBERGVIETNAM-e1727113052572.png\",\"width\":3297,\"height\":1075,\"caption\":\"Steinberg Armaturen\"},\"image\":{\"@id\":\"https:\/\/steinberg-armaturen.vn\/vi\/#\/schema\/logo\/image\/\"}}]}<\/script>\n<!-- \/ Yoast SEO plugin. -->","yoast_head_json":{"title":"Legal notice - Steinberg Armaturen","robots":{"index":"index","follow":"follow","max-snippet":"max-snippet:-1","max-image-preview":"max-image-preview:large","max-video-preview":"max-video-preview:-1"},"canonical":"https:\/\/steinberg-armaturen.vn\/en\/legal-notice\/","og_locale":"en_US","og_type":"article","og_title":"Legal notice - Steinberg Armaturen","og_description":"Information according to \u00a7 5 TMG (German Telemedia Act): Steinberg GmbH Schiess-Stra\u00dfe 3040549&nbsp;D\u00fcsseldorfGermany Phone&nbsp;+49 (0) 211 520 249 0 Email&nbsp;info@steinberg-armaturen.deWeb&nbsp;https:\/\/www.steinberg-armaturen.de Managing Directors: Johannes L\u00f6hnert, Marcus L\u00f6hnert VAT ID: DE813570656 Commercial Register (HRB) Number 42931Local Court&nbsp;Registergericht Amtsgericht D\u00fcsseldorf Responsible for content according to \u00a7 55 Abs. 2 RStV: Johannes L\u00f6hnert, Marcus L\u00f6hnert General Information Copyrights \u00a9 [&hellip;]","og_url":"https:\/\/steinberg-armaturen.vn\/en\/legal-notice\/","og_site_name":"Steinberg Armaturen","twitter_card":"summary_large_image","twitter_misc":{"Est. reading time":"3 minutes"},"schema":{"@context":"https:\/\/schema.org","@graph":[{"@type":"WebPage","@id":"https:\/\/steinberg-armaturen.vn\/vi\/legal-notice\/","url":"https:\/\/steinberg-armaturen.vn\/vi\/legal-notice\/","name":"Legal notice - Steinberg Armaturen","isPartOf":{"@id":"https:\/\/steinberg-armaturen.vn\/vi\/#website"},"datePublished":"2024-07-29T09:41:12+00:00","dateModified":"2024-07-29T09:41:12+00:00","breadcrumb":{"@id":"https:\/\/steinberg-armaturen.vn\/vi\/legal-notice\/#breadcrumb"},"inLanguage":"en-US","potentialAction":[{"@type":"ReadAction","target":["https:\/\/steinberg-armaturen.vn\/vi\/legal-notice\/"]}]},{"@type":"BreadcrumbList","@id":"https:\/\/steinberg-armaturen.vn\/vi\/legal-notice\/#breadcrumb","itemListElement":[{"@type":"ListItem","position":1,"name":"Home","item":"https:\/\/steinberg-armaturen.vn\/"},{"@type":"ListItem","position":2,"name":"Legal notice"}]},{"@type":"WebSite","@id":"https:\/\/steinberg-armaturen.vn\/vi\/#website","url":"https:\/\/steinberg-armaturen.vn\/vi\/","name":"Steinberg Armaturen","description":"","publisher":{"@id":"https:\/\/steinberg-armaturen.vn\/vi\/#organization"},"potentialAction":[{"@type":"SearchAction","target":{"@type":"EntryPoint","urlTemplate":"https:\/\/steinberg-armaturen.vn\/vi\/?s={search_term_string}"},"query-input":{"@type":"PropertyValueSpecification","valueRequired":true,"valueName":"search_term_string"}}],"inLanguage":"en-US"},{"@type":"Organization","@id":"https:\/\/steinberg-armaturen.vn\/vi\/#organization","name":"Steinberg Armaturen","url":"https:\/\/steinberg-armaturen.vn\/vi\/","logo":{"@type":"ImageObject","inLanguage":"en-US","@id":"https:\/\/steinberg-armaturen.vn\/vi\/#\/schema\/logo\/image\/","url":"https:\/\/steinberg-armaturen.vn\/wp-content\/uploads\/sites\/34\/2024\/09\/STEINBERGVIETNAM-e1727113052572.png","contentUrl":"https:\/\/steinberg-armaturen.vn\/wp-content\/uploads\/sites\/34\/2024\/09\/STEINBERGVIETNAM-e1727113052572.png","width":3297,"height":1075,"caption":"Steinberg Armaturen"},"image":{"@id":"https:\/\/steinberg-armaturen.vn\/vi\/#\/schema\/logo\/image\/"}}]}},"_links":{"self":[{"href":"https:\/\/steinberg-armaturen.vn\/en\/wp-json\/wp\/v2\/pages\/283","targetHints":{"allow":["GET"]}}],"collection":[{"href":"https:\/\/steinberg-armaturen.vn\/en\/wp-json\/wp\/v2\/pages"}],"about":[{"href":"https:\/\/steinberg-armaturen.vn\/en\/wp-json\/wp\/v2\/types\/page"}],"author":[{"embeddable":true,"href":"https:\/\/steinberg-armaturen.vn\/en\/wp-json\/wp\/v2\/users\/23963"}],"replies":[{"embeddable":true,"href":"https:\/\/steinberg-armaturen.vn\/en\/wp-json\/wp\/v2\/comments?post=283"}],"version-history":[{"count":0,"href":"https:\/\/steinberg-armaturen.vn\/en\/wp-json\/wp\/v2\/pages\/283\/revisions"}],"wp:attachment":[{"href":"https:\/\/steinberg-armaturen.vn\/en\/wp-json\/wp\/v2\/media?parent=283"}],"curies":[{"name":"wp","href":"https:\/\/api.w.org\/{rel}","templated":true}]}}